{"id":813,"date":"2022-08-31T12:35:49","date_gmt":"2022-08-31T10:35:49","guid":{"rendered":"http:\/\/www.kramer-tischlerei.de\/?page_id=813"},"modified":"2023-07-03T12:11:56","modified_gmt":"2023-07-03T10:11:56","slug":"ausbildung","status":"publish","type":"page","link":"https:\/\/www.kramer-tischlerei.de\/?page_id=813","title":{"rendered":"Ausbildung"},"content":{"rendered":"\n<p><\/p>\n\n\n\n<p>Die Ausbildung im Tischlerhandwerk dauert in der Regel 3 Jahre.<\/p>\n\n\n\n<p>In den Ausbildungsjahren lernt man eine Vielzahl von unterschiedlichsten Arbeiten des \u00fcblichen Tischlerhandwerkes.<\/p>\n\n\n\n<p>Die Theorie wird in der Berufsschule (meistens das Berufskollege am Haspel in Wuppertal) erlernt. (Duale Ausbildung)<\/p>\n\n\n\n<p>In \u00dcberbetrieblichen Lehrg\u00e4ngen (Aktuell in D\u00fcsseldorf)<br>besucht jeder Lehrling einen Grundlehrgang, indem ihm das h\u00e4ndische erstellen von Holzverbindungen mit Handwerkzeugen beigebracht wird.<\/p>\n\n\n\n<p>Des weiteren gibt es 3 Maschinenlehrg\u00e4nge, wo sicheres Arbeiten an station\u00e4ren und mobilen Maschinen grundlegend vermittelt wird.<\/p>\n\n\n\n<p>Zu guter Letzt wird ein Oberfl\u00e4chenlehrgang angeboten, sodass die Oberfl\u00e4chenkenntnisse auf den letzten &#8222;Schliff&#8220; gebracht werden.<\/p>\n\n\n\n<p>Die \u00fcberbetrieblichen Lehrg\u00e4nge sind f\u00fcr einen grundlegenden gleichm\u00e4\u00dfigen regionalen Kenntnisstand wichtig.<\/p>\n\n\n\n<p>Im laufe der Ausbildung werden von der Berufsschule verschiedene Projekt Arbeiten geplant, an denen sich die Lehrlinge praktisch und mit eigenen Ideen verwirklichen k\u00f6nnen.<\/p>\n\n\n\n<p>Projekt: 10 Holzarten<\/p>\n\n\n\n<p>2018<\/p>\n\n\n<div class=\"wp-block-image\">\n<figure class=\"aligncenter size-full\"><a href=\"http:\/\/www.kramer-tischlerei.de\/wp-content\/uploads\/2022\/08\/Holzarten_2018.jpg\"><img loading=\"lazy\" decoding=\"async\" width=\"400\" height=\"267\" src=\"http:\/\/www.kramer-tischlerei.de\/wp-content\/uploads\/2022\/08\/Holzarten_2018.jpg\" alt=\"\" class=\"wp-image-825\" srcset=\"https:\/\/www.kramer-tischlerei.de\/wp-content\/uploads\/2022\/08\/Holzarten_2018.jpg 400w, https:\/\/www.kramer-tischlerei.de\/wp-content\/uploads\/2022\/08\/Holzarten_2018-300x200.jpg 300w\" sizes=\"auto, (max-width: 400px) 100vw, 400px\" \/><\/a><figcaption class=\"wp-element-caption\">&#8222;Konsole&#8220;<\/figcaption><\/figure>\n<\/div>\n\n\n<p>2021<\/p>\n\n\n\n<figure class=\"wp-block-gallery has-nested-images columns-default is-cropped wp-block-gallery-1 is-layout-flex wp-block-gallery-is-layout-flex\">\n<figure class=\"wp-block-image size-large\"><a href=\"http:\/\/www.kramer-tischlerei.de\/wp-content\/uploads\/2022\/08\/Holzartenprojekt_21.jpeg\"><img loading=\"lazy\" decoding=\"async\" width=\"400\" height=\"300\" data-id=\"823\" src=\"http:\/\/www.kramer-tischlerei.de\/wp-content\/uploads\/2022\/08\/Holzartenprojekt_21.jpeg\" alt=\"\" class=\"wp-image-823\" srcset=\"https:\/\/www.kramer-tischlerei.de\/wp-content\/uploads\/2022\/08\/Holzartenprojekt_21.jpeg 400w, https:\/\/www.kramer-tischlerei.de\/wp-content\/uploads\/2022\/08\/Holzartenprojekt_21-300x225.jpeg 300w\" sizes=\"auto, (max-width: 400px) 100vw, 400px\" \/><\/a><\/figure>\n<figcaption class=\"blocks-gallery-caption wp-element-caption\">&#8222;Brotschneidebrett&#8220;<\/figcaption><\/figure>\n\n\n\n<p>2022<\/p>\n\n\n<div class=\"wp-block-image\">\n<figure class=\"aligncenter size-full\"><a href=\"http:\/\/www.kramer-tischlerei.de\/wp-content\/uploads\/2022\/08\/Holzarten_2022.jpeg\"><img loading=\"lazy\" decoding=\"async\" width=\"300\" height=\"400\" src=\"http:\/\/www.kramer-tischlerei.de\/wp-content\/uploads\/2022\/08\/Holzarten_2022.jpeg\" alt=\"\" class=\"wp-image-817\" srcset=\"https:\/\/www.kramer-tischlerei.de\/wp-content\/uploads\/2022\/08\/Holzarten_2022.jpeg 300w, https:\/\/www.kramer-tischlerei.de\/wp-content\/uploads\/2022\/08\/Holzarten_2022-225x300.jpeg 225w\" sizes=\"auto, (max-width: 300px) 100vw, 300px\" \/><\/a><figcaption class=\"wp-element-caption\">&#8222;Schl\u00fcsselbrett&#8220;<\/figcaption><\/figure>\n<\/div>\n\n\n<p>Projekt: &#8222;Mini-M\u00f6bel&#8220;<\/p>\n\n\n\n<p>2019: <strong>&#8222;Back to the Roots&#8220;<\/strong><\/p>\n\n\n<div class=\"wp-block-image\">\n<figure class=\"aligncenter size-full\"><a href=\"http:\/\/www.kramer-tischlerei.de\/wp-content\/uploads\/2022\/08\/mini_2019.jpg\"><img loading=\"lazy\" decoding=\"async\" width=\"233\" height=\"458\" src=\"http:\/\/www.kramer-tischlerei.de\/wp-content\/uploads\/2022\/08\/mini_2019.jpg\" alt=\"\" class=\"wp-image-828\" srcset=\"https:\/\/www.kramer-tischlerei.de\/wp-content\/uploads\/2022\/08\/mini_2019.jpg 233w, https:\/\/www.kramer-tischlerei.de\/wp-content\/uploads\/2022\/08\/mini_2019-153x300.jpg 153w\" sizes=\"auto, (max-width: 233px) 100vw, 233px\" \/><\/a><\/figure>\n<\/div>\n\n\n<p>2020: <strong>&#8222;Hinter der Maske&#8220;<\/strong><\/p>\n\n\n<div class=\"wp-block-image\">\n<figure class=\"aligncenter size-full\"><a href=\"http:\/\/www.kramer-tischlerei.de\/wp-content\/uploads\/2022\/08\/mini_2020.jpg\"><img loading=\"lazy\" decoding=\"async\" width=\"700\" height=\"466\" src=\"http:\/\/www.kramer-tischlerei.de\/wp-content\/uploads\/2022\/08\/mini_2020.jpg\" alt=\"\" class=\"wp-image-827\" srcset=\"https:\/\/www.kramer-tischlerei.de\/wp-content\/uploads\/2022\/08\/mini_2020.jpg 700w, https:\/\/www.kramer-tischlerei.de\/wp-content\/uploads\/2022\/08\/mini_2020-300x200.jpg 300w\" sizes=\"auto, (max-width: 700px) 100vw, 700px\" \/><\/a><\/figure>\n<\/div>\n\n\n<p>2021: <strong>&#8222;Wird schon schiefgehen\u201c<\/strong><\/p>\n\n\n<div class=\"wp-block-image\">\n<figure class=\"aligncenter size-full\"><a href=\"http:\/\/www.kramer-tischlerei.de\/wp-content\/uploads\/2022\/08\/3_Platz_Publikum_Luis_Schue_web.png\"><img loading=\"lazy\" decoding=\"async\" width=\"400\" height=\"300\" src=\"http:\/\/www.kramer-tischlerei.de\/wp-content\/uploads\/2022\/08\/3_Platz_Publikum_Luis_Schue_web.png\" alt=\"\" class=\"wp-image-816\" srcset=\"https:\/\/www.kramer-tischlerei.de\/wp-content\/uploads\/2022\/08\/3_Platz_Publikum_Luis_Schue_web.png 400w, https:\/\/www.kramer-tischlerei.de\/wp-content\/uploads\/2022\/08\/3_Platz_Publikum_Luis_Schue_web-300x225.png 300w\" sizes=\"auto, (max-width: 400px) 100vw, 400px\" \/><\/a><\/figure>\n<\/div>\n\n\n<p><\/p>\n\n\n\n<p>2022: <strong>\u201cSchlicht mit Gedicht &#8211; aus ALT mach NEU\u201c<\/strong><\/p>\n\n\n<div class=\"wp-block-image\">\n<figure class=\"aligncenter size-large\"><a href=\"http:\/\/www.kramer-tischlerei.de\/wp-content\/uploads\/2022\/08\/minimoebel_2022.jpg\"><img loading=\"lazy\" decoding=\"async\" width=\"1024\" height=\"683\" src=\"http:\/\/www.kramer-tischlerei.de\/wp-content\/uploads\/2022\/08\/minimoebel_2022-1024x683.jpg\" alt=\"\" class=\"wp-image-826\" srcset=\"https:\/\/www.kramer-tischlerei.de\/wp-content\/uploads\/2022\/08\/minimoebel_2022-1024x683.jpg 1024w, https:\/\/www.kramer-tischlerei.de\/wp-content\/uploads\/2022\/08\/minimoebel_2022-300x200.jpg 300w, https:\/\/www.kramer-tischlerei.de\/wp-content\/uploads\/2022\/08\/minimoebel_2022-768x512.jpg 768w, https:\/\/www.kramer-tischlerei.de\/wp-content\/uploads\/2022\/08\/minimoebel_2022.jpg 1200w\" sizes=\"auto, (max-width: 1024px) 100vw, 1024px\" \/><\/a><\/figure>\n<\/div>\n\n\n<p>2023: <strong>\u201cLiebe zum Detail\u201c<\/strong><\/p>\n\n\n<div class=\"wp-block-image\">\n<figure class=\"aligncenter size-large\"><a href=\"http:\/\/www.kramer-tischlerei.de\/wp-content\/uploads\/2023\/07\/202306_Projekt-Mini-Moebel_Liebe-zum-Detail_ges.png\"><img loading=\"lazy\" decoding=\"async\" width=\"1024\" height=\"464\" src=\"http:\/\/www.kramer-tischlerei.de\/wp-content\/uploads\/2023\/07\/202306_Projekt-Mini-Moebel_Liebe-zum-Detail_ges-1024x464.png\" alt=\"\" class=\"wp-image-863\" srcset=\"https:\/\/www.kramer-tischlerei.de\/wp-content\/uploads\/2023\/07\/202306_Projekt-Mini-Moebel_Liebe-zum-Detail_ges-1024x464.png 1024w, https:\/\/www.kramer-tischlerei.de\/wp-content\/uploads\/2023\/07\/202306_Projekt-Mini-Moebel_Liebe-zum-Detail_ges-300x136.png 300w, https:\/\/www.kramer-tischlerei.de\/wp-content\/uploads\/2023\/07\/202306_Projekt-Mini-Moebel_Liebe-zum-Detail_ges-768x348.png 768w, https:\/\/www.kramer-tischlerei.de\/wp-content\/uploads\/2023\/07\/202306_Projekt-Mini-Moebel_Liebe-zum-Detail_ges-1536x695.png 1536w, https:\/\/www.kramer-tischlerei.de\/wp-content\/uploads\/2023\/07\/202306_Projekt-Mini-Moebel_Liebe-zum-Detail_ges.png 1659w\" sizes=\"auto, (max-width: 1024px) 100vw, 1024px\" \/><\/a><\/figure>\n<\/div>\n\n\n<p>Erfolgreich absolvierte Lehre:<\/p>\n\n\n\n<p><strong>Herr Kunst<\/strong> <strong>2017<\/strong><\/p>\n\n\n<div class=\"wp-block-image\">\n<figure class=\"aligncenter size-full\"><a href=\"http:\/\/www.kramer-tischlerei.de\/wp-content\/uploads\/2022\/08\/Kunst_2017.jpg\"><img loading=\"lazy\" decoding=\"async\" width=\"400\" height=\"267\" src=\"http:\/\/www.kramer-tischlerei.de\/wp-content\/uploads\/2022\/08\/Kunst_2017.jpg\" alt=\"\" class=\"wp-image-829\" srcset=\"https:\/\/www.kramer-tischlerei.de\/wp-content\/uploads\/2022\/08\/Kunst_2017.jpg 400w, https:\/\/www.kramer-tischlerei.de\/wp-content\/uploads\/2022\/08\/Kunst_2017-300x200.jpg 300w\" sizes=\"auto, (max-width: 400px) 100vw, 400px\" \/><\/a><\/figure>\n<\/div>\n\n\n<p><strong>Herr M\u00fcller<\/strong> <strong>2020<\/strong><\/p>\n\n\n<div class=\"wp-block-image\">\n<figure class=\"aligncenter size-full\"><a href=\"http:\/\/www.kramer-tischlerei.de\/wp-content\/uploads\/2022\/08\/Mueller_2020.jpg\"><img loading=\"lazy\" decoding=\"async\" width=\"737\" height=\"619\" src=\"http:\/\/www.kramer-tischlerei.de\/wp-content\/uploads\/2022\/08\/Mueller_2020.jpg\" alt=\"\" class=\"wp-image-832\" srcset=\"https:\/\/www.kramer-tischlerei.de\/wp-content\/uploads\/2022\/08\/Mueller_2020.jpg 737w, https:\/\/www.kramer-tischlerei.de\/wp-content\/uploads\/2022\/08\/Mueller_2020-300x252.jpg 300w\" sizes=\"auto, (max-width: 737px) 100vw, 737px\" \/><\/a><\/figure>\n<\/div>\n\n\n<p><strong>Frau Kollender<\/strong> <strong>2021<\/strong><\/p>\n\n\n\n<figure class=\"wp-block-gallery aligncenter has-nested-images columns-default is-cropped wp-block-gallery-2 is-layout-flex wp-block-gallery-is-layout-flex\">\n<figure class=\"wp-block-image size-large\"><a href=\"http:\/\/www.kramer-tischlerei.de\/wp-content\/uploads\/2022\/09\/98A21418-742D-42DD-B15B-1C155F10F996.jpeg\"><img loading=\"lazy\" decoding=\"async\" width=\"1024\" height=\"682\" data-id=\"839\" src=\"http:\/\/www.kramer-tischlerei.de\/wp-content\/uploads\/2022\/09\/98A21418-742D-42DD-B15B-1C155F10F996-1024x682.jpeg\" alt=\"\" class=\"wp-image-839\" srcset=\"https:\/\/www.kramer-tischlerei.de\/wp-content\/uploads\/2022\/09\/98A21418-742D-42DD-B15B-1C155F10F996-1024x682.jpeg 1024w, https:\/\/www.kramer-tischlerei.de\/wp-content\/uploads\/2022\/09\/98A21418-742D-42DD-B15B-1C155F10F996-300x200.jpeg 300w, https:\/\/www.kramer-tischlerei.de\/wp-content\/uploads\/2022\/09\/98A21418-742D-42DD-B15B-1C155F10F996-768x512.jpeg 768w, https:\/\/www.kramer-tischlerei.de\/wp-content\/uploads\/2022\/09\/98A21418-742D-42DD-B15B-1C155F10F996-1536x1023.jpeg 1536w, https:\/\/www.kramer-tischlerei.de\/wp-content\/uploads\/2022\/09\/98A21418-742D-42DD-B15B-1C155F10F996.jpeg 1890w\" sizes=\"auto, (max-width: 1024px) 100vw, 1024px\" \/><\/a><\/figure>\n<\/figure>\n\n\n\n<p><strong>Herr Schu\u00e9<\/strong> <strong>2022<\/strong><\/p>\n\n\n<div class=\"wp-block-image\">\n<figure class=\"aligncenter size-large\"><a href=\"http:\/\/www.kramer-tischlerei.de\/wp-content\/uploads\/2022\/08\/C2E3F27F-9917-401C-94C1-8A34C51C767C.jpeg\"><img loading=\"lazy\" decoding=\"async\" width=\"1024\" height=\"683\" src=\"http:\/\/www.kramer-tischlerei.de\/wp-content\/uploads\/2022\/08\/C2E3F27F-9917-401C-94C1-8A34C51C767C-1024x683.jpeg\" alt=\"\" class=\"wp-image-811\" srcset=\"https:\/\/www.kramer-tischlerei.de\/wp-content\/uploads\/2022\/08\/C2E3F27F-9917-401C-94C1-8A34C51C767C-1024x683.jpeg 1024w, https:\/\/www.kramer-tischlerei.de\/wp-content\/uploads\/2022\/08\/C2E3F27F-9917-401C-94C1-8A34C51C767C-300x200.jpeg 300w, https:\/\/www.kramer-tischlerei.de\/wp-content\/uploads\/2022\/08\/C2E3F27F-9917-401C-94C1-8A34C51C767C-768x512.jpeg 768w, https:\/\/www.kramer-tischlerei.de\/wp-content\/uploads\/2022\/08\/C2E3F27F-9917-401C-94C1-8A34C51C767C.jpeg 1404w\" sizes=\"auto, (max-width: 1024px) 100vw, 1024px\" \/><\/a><\/figure>\n<\/div>\n\n\n<p><strong>Herr Maraun 2023<\/strong><\/p>\n\n\n<div class=\"wp-block-image\">\n<figure class=\"aligncenter size-large is-resized\"><a href=\"http:\/\/www.kramer-tischlerei.de\/wp-content\/uploads\/2023\/07\/20230617_Gesellenstueck_NM.jpg\"><img loading=\"lazy\" decoding=\"async\" src=\"http:\/\/www.kramer-tischlerei.de\/wp-content\/uploads\/2023\/07\/20230617_Gesellenstueck_NM-1024x682.jpg\" alt=\"\" class=\"wp-image-864\" width=\"500\" height=\"333\" srcset=\"https:\/\/www.kramer-tischlerei.de\/wp-content\/uploads\/2023\/07\/20230617_Gesellenstueck_NM-1024x682.jpg 1024w, https:\/\/www.kramer-tischlerei.de\/wp-content\/uploads\/2023\/07\/20230617_Gesellenstueck_NM-300x200.jpg 300w, https:\/\/www.kramer-tischlerei.de\/wp-content\/uploads\/2023\/07\/20230617_Gesellenstueck_NM-768x512.jpg 768w, https:\/\/www.kramer-tischlerei.de\/wp-content\/uploads\/2023\/07\/20230617_Gesellenstueck_NM-1536x1023.jpg 1536w, https:\/\/www.kramer-tischlerei.de\/wp-content\/uploads\/2023\/07\/20230617_Gesellenstueck_NM.jpg 1600w\" sizes=\"auto, (max-width: 500px) 100vw, 500px\" \/><\/a><\/figure>\n<\/div>","protected":false},"excerpt":{"rendered":"<p>Die Ausbildung im Tischlerhandwerk dauert in der Regel 3 Jahre. In den Ausbildungsjahren lernt man eine Vielzahl von unterschiedlichsten Arbeiten des \u00fcblichen Tischlerhandwerkes. Die Theorie wird in der Berufsschule (meistens das Berufskollege am Haspel in Wuppertal) erlernt. (Duale Ausbildung) In \u00dcberbetrieblichen Lehrg\u00e4ngen (Aktuell in D\u00fcsseldorf)besucht jeder Lehrling einen Grundlehrgang, indem ihm das h\u00e4ndische erstellen von &hellip; <a href=\"https:\/\/www.kramer-tischlerei.de\/?page_id=813\" class=\"more-link\"><span class=\"screen-reader-text\">Ausbildung<\/span> weiterlesen <span class=\"meta-nav\">&rarr;<\/span><\/a><\/p>\n","protected":false},"author":1,"featured_media":0,"parent":0,"menu_order":0,"comment_status":"closed","ping_status":"closed","template":"page-templates\/full-width.php","meta":{"ngg_post_thumbnail":0,"footnotes":""},"class_list":["post-813","page","type-page","status-publish","hentry"],"_links":{"self":[{"href":"https:\/\/www.kramer-tischlerei.de\/index.php?rest_route=\/wp\/v2\/pages\/813","targetHints":{"allow":["GET"]}}],"collection":[{"href":"https:\/\/www.kramer-tischlerei.de\/index.php?rest_route=\/wp\/v2\/pages"}],"about":[{"href":"https:\/\/www.kramer-tischlerei.de\/index.php?rest_route=\/wp\/v2\/types\/page"}],"author":[{"embeddable":true,"href":"https:\/\/www.kramer-tischlerei.de\/index.php?rest_route=\/wp\/v2\/users\/1"}],"replies":[{"embeddable":true,"href":"https:\/\/www.kramer-tischlerei.de\/index.php?rest_route=%2Fwp%2Fv2%2Fcomments&post=813"}],"version-history":[{"count":8,"href":"https:\/\/www.kramer-tischlerei.de\/index.php?rest_route=\/wp\/v2\/pages\/813\/revisions"}],"predecessor-version":[{"id":866,"href":"https:\/\/www.kramer-tischlerei.de\/index.php?rest_route=\/wp\/v2\/pages\/813\/revisions\/866"}],"wp:attachment":[{"href":"https:\/\/www.kramer-tischlerei.de\/index.php?rest_route=%2Fwp%2Fv2%2Fmedia&parent=813"}],"curies":[{"name":"wp","href":"https:\/\/api.w.org\/{rel}","templated":true}]}}