{"id":526,"date":"2018-01-29T12:19:54","date_gmt":"2018-01-29T10:19:54","guid":{"rendered":"http:\/\/www.kramer-tischlerei.de\/?page_id=526"},"modified":"2024-10-07T11:05:31","modified_gmt":"2024-10-07T09:05:31","slug":"526-2","status":"publish","type":"page","link":"https:\/\/www.kramer-tischlerei.de\/?page_id=526","title":{"rendered":"Esstische"},"content":{"rendered":"<figure id=\"attachment_539\" aria-describedby=\"caption-attachment-539\" style=\"width: 474px\" class=\"wp-caption aligncenter\"><a href=\"http:\/\/www.kramer-tischlerei.de\/wp-content\/uploads\/2018\/01\/Esstisch_4m_alte_Eichenbalken.jpg\"><img loading=\"lazy\" decoding=\"async\" class=\"wp-image-539 size-large\" src=\"http:\/\/www.kramer-tischlerei.de\/wp-content\/uploads\/2018\/01\/Esstisch_4m_alte_Eichenbalken-768x1024.jpg\" alt=\"\" width=\"474\" height=\"632\" srcset=\"https:\/\/www.kramer-tischlerei.de\/wp-content\/uploads\/2018\/01\/Esstisch_4m_alte_Eichenbalken-768x1024.jpg 768w, https:\/\/www.kramer-tischlerei.de\/wp-content\/uploads\/2018\/01\/Esstisch_4m_alte_Eichenbalken-225x300.jpg 225w, https:\/\/www.kramer-tischlerei.de\/wp-content\/uploads\/2018\/01\/Esstisch_4m_alte_Eichenbalken.jpg 1512w\" sizes=\"auto, (max-width: 474px) 100vw, 474px\" \/><\/a><figcaption id=\"caption-attachment-539\" class=\"wp-caption-text\">Esstisch aus alten 6m Eichenbalken angefertigt. Zapfenl\u00f6cher mit den originalen Zapfen verschlossen. Geb\u00fcrstet und matt lackiert.<\/figcaption><\/figure>\n<p><a href=\"http:\/\/www.kramer-tischlerei.de\/wp-content\/uploads\/2018\/01\/Esstisch_4m_alte_Eichenbalken.jpg\">\u00a0<\/a><\/p>\n<p><a href=\"http:\/\/www.kramer-tischlerei.de\/wp-content\/uploads\/2018\/01\/Esstisch_4m_Zapfenl\u00f6cher_verschlossen.jpg\"><img loading=\"lazy\" decoding=\"async\" class=\"aligncenter size-large wp-image-540\" src=\"http:\/\/www.kramer-tischlerei.de\/wp-content\/uploads\/2018\/01\/Esstisch_4m_Zapfenl\u00f6cher_verschlossen-768x1024.jpg\" alt=\"\" width=\"474\" height=\"632\" srcset=\"https:\/\/www.kramer-tischlerei.de\/wp-content\/uploads\/2018\/01\/Esstisch_4m_Zapfenl\u00f6cher_verschlossen-768x1024.jpg 768w, https:\/\/www.kramer-tischlerei.de\/wp-content\/uploads\/2018\/01\/Esstisch_4m_Zapfenl\u00f6cher_verschlossen-225x300.jpg 225w, https:\/\/www.kramer-tischlerei.de\/wp-content\/uploads\/2018\/01\/Esstisch_4m_Zapfenl\u00f6cher_verschlossen.jpg 1512w\" sizes=\"auto, (max-width: 474px) 100vw, 474px\" \/><br \/>\n<\/a><a href=\"http:\/\/www.kramer-tischlerei.de\/wp-content\/uploads\/2024\/10\/IMG-20241007-WA0042.jpg\"><img loading=\"lazy\" decoding=\"async\" class=\"aligncenter size-large wp-image-980\" src=\"http:\/\/www.kramer-tischlerei.de\/wp-content\/uploads\/2024\/10\/IMG-20241007-WA0042-576x1024.jpg\" alt=\"\" width=\"474\" height=\"843\" srcset=\"https:\/\/www.kramer-tischlerei.de\/wp-content\/uploads\/2024\/10\/IMG-20241007-WA0042-576x1024.jpg 576w, https:\/\/www.kramer-tischlerei.de\/wp-content\/uploads\/2024\/10\/IMG-20241007-WA0042-169x300.jpg 169w, https:\/\/www.kramer-tischlerei.de\/wp-content\/uploads\/2024\/10\/IMG-20241007-WA0042-768x1365.jpg 768w, https:\/\/www.kramer-tischlerei.de\/wp-content\/uploads\/2024\/10\/IMG-20241007-WA0042-864x1536.jpg 864w, https:\/\/www.kramer-tischlerei.de\/wp-content\/uploads\/2024\/10\/IMG-20241007-WA0042.jpg 900w\" sizes=\"auto, (max-width: 474px) 100vw, 474px\" \/><\/a><\/p>\n<figure id=\"attachment_541\" aria-describedby=\"caption-attachment-541\" style=\"width: 474px\" class=\"wp-caption aligncenter\"><a href=\"http:\/\/www.kramer-tischlerei.de\/wp-content\/uploads\/2018\/01\/Esstisch_dreieck_Eichevollholz.jpg\"><img loading=\"lazy\" decoding=\"async\" class=\"wp-image-541 size-large\" src=\"http:\/\/www.kramer-tischlerei.de\/wp-content\/uploads\/2018\/01\/Esstisch_dreieck_Eichevollholz-1024x768.jpg\" alt=\"\" width=\"474\" height=\"356\" srcset=\"https:\/\/www.kramer-tischlerei.de\/wp-content\/uploads\/2018\/01\/Esstisch_dreieck_Eichevollholz.jpg 1024w, https:\/\/www.kramer-tischlerei.de\/wp-content\/uploads\/2018\/01\/Esstisch_dreieck_Eichevollholz-300x225.jpg 300w, https:\/\/www.kramer-tischlerei.de\/wp-content\/uploads\/2018\/01\/Esstisch_dreieck_Eichevollholz-768x576.jpg 768w\" sizes=\"auto, (max-width: 474px) 100vw, 474px\" \/><\/a><figcaption id=\"caption-attachment-541\" class=\"wp-caption-text\">3- Eckiger Eichenvollholz Esstisch geb\u00fcrstet und leicht wei\u00df ge\u00f6lt. Platz f\u00fcr bis zu 9 St\u00fchle<\/figcaption><\/figure>\n<p>&nbsp;<\/p>\n<p><a href=\"http:\/\/www.kramer-tischlerei.de\/wp-content\/uploads\/2018\/01\/39.jpg\"><img loading=\"lazy\" decoding=\"async\" class=\"aligncenter size-large wp-image-676\" src=\"http:\/\/www.kramer-tischlerei.de\/wp-content\/uploads\/2018\/01\/39-1024x768.jpg\" alt=\"\" width=\"474\" height=\"356\" srcset=\"https:\/\/www.kramer-tischlerei.de\/wp-content\/uploads\/2018\/01\/39.jpg 1024w, https:\/\/www.kramer-tischlerei.de\/wp-content\/uploads\/2018\/01\/39-300x225.jpg 300w, https:\/\/www.kramer-tischlerei.de\/wp-content\/uploads\/2018\/01\/39-768x576.jpg 768w\" sizes=\"auto, (max-width: 474px) 100vw, 474px\" \/><\/a><\/p>\n<p>&nbsp;<\/p>\n<figure id=\"attachment_542\" aria-describedby=\"caption-attachment-542\" style=\"width: 474px\" class=\"wp-caption aligncenter\"><a href=\"http:\/\/www.kramer-tischlerei.de\/wp-content\/uploads\/2018\/01\/Gartentisch_alte_Eiche.jpg\"><img loading=\"lazy\" decoding=\"async\" class=\"wp-image-542 size-large\" src=\"http:\/\/www.kramer-tischlerei.de\/wp-content\/uploads\/2018\/01\/Gartentisch_alte_Eiche-1024x768.jpg\" alt=\"\" width=\"474\" height=\"356\" srcset=\"https:\/\/www.kramer-tischlerei.de\/wp-content\/uploads\/2018\/01\/Gartentisch_alte_Eiche-1024x768.jpg 1024w, https:\/\/www.kramer-tischlerei.de\/wp-content\/uploads\/2018\/01\/Gartentisch_alte_Eiche-300x225.jpg 300w, https:\/\/www.kramer-tischlerei.de\/wp-content\/uploads\/2018\/01\/Gartentisch_alte_Eiche-768x576.jpg 768w, https:\/\/www.kramer-tischlerei.de\/wp-content\/uploads\/2018\/01\/Gartentisch_alte_Eiche.jpg 2016w\" sizes=\"auto, (max-width: 474px) 100vw, 474px\" \/><\/a><figcaption id=\"caption-attachment-542\" class=\"wp-caption-text\">Gartenesstisch mit 2 Sitzb\u00e4nken aus alten Eichenbalken gefertigt.<\/figcaption><\/figure>\n<p>&nbsp;<\/p>\n<p><a href=\"http:\/\/www.kramer-tischlerei.de\/wp-content\/uploads\/2018\/01\/Sitzecke_alte_Eiche.jpg\"><img loading=\"lazy\" decoding=\"async\" class=\"aligncenter size-large wp-image-543\" src=\"http:\/\/www.kramer-tischlerei.de\/wp-content\/uploads\/2018\/01\/Sitzecke_alte_Eiche-1024x768.jpg\" alt=\"\" width=\"474\" height=\"356\" srcset=\"https:\/\/www.kramer-tischlerei.de\/wp-content\/uploads\/2018\/01\/Sitzecke_alte_Eiche-1024x768.jpg 1024w, https:\/\/www.kramer-tischlerei.de\/wp-content\/uploads\/2018\/01\/Sitzecke_alte_Eiche-300x225.jpg 300w, https:\/\/www.kramer-tischlerei.de\/wp-content\/uploads\/2018\/01\/Sitzecke_alte_Eiche-768x576.jpg 768w, https:\/\/www.kramer-tischlerei.de\/wp-content\/uploads\/2018\/01\/Sitzecke_alte_Eiche.jpg 2016w\" sizes=\"auto, (max-width: 474px) 100vw, 474px\" \/><\/a><\/p>\n<p><a href=\"http:\/\/www.kramer-tischlerei.de\/wp-content\/uploads\/2018\/01\/image.jpeg\"><br \/>\n<\/a> <a href=\"http:\/\/www.kramer-tischlerei.de\/wp-content\/uploads\/2018\/01\/image-1.jpeg\"><img loading=\"lazy\" decoding=\"async\" class=\"aligncenter size-large wp-image-530\" src=\"http:\/\/www.kramer-tischlerei.de\/wp-content\/uploads\/2018\/01\/image-1-1024x768.jpeg\" alt=\"\" width=\"474\" height=\"356\" srcset=\"https:\/\/www.kramer-tischlerei.de\/wp-content\/uploads\/2018\/01\/image-1-1024x768.jpeg 1024w, https:\/\/www.kramer-tischlerei.de\/wp-content\/uploads\/2018\/01\/image-1-300x225.jpeg 300w, https:\/\/www.kramer-tischlerei.de\/wp-content\/uploads\/2018\/01\/image-1-768x576.jpeg 768w, https:\/\/www.kramer-tischlerei.de\/wp-content\/uploads\/2018\/01\/image-1.jpeg 2048w\" sizes=\"auto, (max-width: 474px) 100vw, 474px\" \/><\/a><\/p>\n<p><a href=\"http:\/\/www.kramer-tischlerei.de\/wp-content\/uploads\/2018\/01\/image.jpeg\"><img loading=\"lazy\" decoding=\"async\" class=\"aligncenter size-large wp-image-529\" src=\"http:\/\/www.kramer-tischlerei.de\/wp-content\/uploads\/2018\/01\/image-768x1024.jpeg\" alt=\"\" width=\"474\" height=\"632\" srcset=\"https:\/\/www.kramer-tischlerei.de\/wp-content\/uploads\/2018\/01\/image-768x1024.jpeg 768w, https:\/\/www.kramer-tischlerei.de\/wp-content\/uploads\/2018\/01\/image-225x300.jpeg 225w, https:\/\/www.kramer-tischlerei.de\/wp-content\/uploads\/2018\/01\/image.jpeg 1536w\" sizes=\"auto, (max-width: 474px) 100vw, 474px\" \/><\/a><a href=\"http:\/\/www.kramer-tischlerei.de\/wp-content\/uploads\/2018\/01\/86.jpg\"><img loading=\"lazy\" decoding=\"async\" class=\"aligncenter size-large wp-image-678\" src=\"http:\/\/www.kramer-tischlerei.de\/wp-content\/uploads\/2018\/01\/86-576x1024.jpg\" alt=\"\" width=\"474\" height=\"843\" srcset=\"https:\/\/www.kramer-tischlerei.de\/wp-content\/uploads\/2018\/01\/86-576x1024.jpg 576w, https:\/\/www.kramer-tischlerei.de\/wp-content\/uploads\/2018\/01\/86-169x300.jpg 169w, https:\/\/www.kramer-tischlerei.de\/wp-content\/uploads\/2018\/01\/86.jpg 747w\" sizes=\"auto, (max-width: 474px) 100vw, 474px\" \/><\/a><\/p>\n<p><a href=\"http:\/\/www.kramer-tischlerei.de\/wp-content\/uploads\/2018\/01\/31.jpg\"><img loading=\"lazy\" decoding=\"async\" class=\"aligncenter size-large wp-image-679\" src=\"http:\/\/www.kramer-tischlerei.de\/wp-content\/uploads\/2018\/01\/31-1024x768.jpg\" alt=\"\" width=\"474\" height=\"356\" srcset=\"https:\/\/www.kramer-tischlerei.de\/wp-content\/uploads\/2018\/01\/31-1024x768.jpg 1024w, https:\/\/www.kramer-tischlerei.de\/wp-content\/uploads\/2018\/01\/31-300x225.jpg 300w, https:\/\/www.kramer-tischlerei.de\/wp-content\/uploads\/2018\/01\/31-768x576.jpg 768w, https:\/\/www.kramer-tischlerei.de\/wp-content\/uploads\/2018\/01\/31.jpg 1600w\" sizes=\"auto, (max-width: 474px) 100vw, 474px\" \/><\/a><\/p>\n<p><a href=\"http:\/\/www.kramer-tischlerei.de\/wp-content\/uploads\/2018\/01\/78.jpg\"><img loading=\"lazy\" decoding=\"async\" class=\"aligncenter size-large wp-image-680\" src=\"http:\/\/www.kramer-tischlerei.de\/wp-content\/uploads\/2018\/01\/78-768x1024.jpg\" alt=\"\" width=\"474\" height=\"632\" srcset=\"https:\/\/www.kramer-tischlerei.de\/wp-content\/uploads\/2018\/01\/78-768x1024.jpg 768w, https:\/\/www.kramer-tischlerei.de\/wp-content\/uploads\/2018\/01\/78-225x300.jpg 225w, https:\/\/www.kramer-tischlerei.de\/wp-content\/uploads\/2018\/01\/78.jpg 1200w\" sizes=\"auto, (max-width: 474px) 100vw, 474px\" \/><\/a><\/p>\n<figure id=\"attachment_24\" aria-describedby=\"caption-attachment-24\" style=\"width: 474px\" class=\"wp-caption aligncenter\"><a href=\"http:\/\/www.kramer-tischlerei.de\/wp-content\/uploads\/2014\/01\/IMG_1705.jpg\"><img loading=\"lazy\" decoding=\"async\" class=\"size-large wp-image-24\" src=\"http:\/\/www.kramer-tischlerei.de\/wp-content\/uploads\/2014\/01\/IMG_1705-1024x768.jpg\" alt=\"\" width=\"474\" height=\"356\" srcset=\"https:\/\/www.kramer-tischlerei.de\/wp-content\/uploads\/2014\/01\/IMG_1705-1024x768.jpg 1024w, https:\/\/www.kramer-tischlerei.de\/wp-content\/uploads\/2014\/01\/IMG_1705-300x225.jpg 300w\" sizes=\"auto, (max-width: 474px) 100vw, 474px\" \/><\/a><figcaption id=\"caption-attachment-24\" class=\"wp-caption-text\">Esstisch aus Eiche Massiv zum ausziehen f\u00fcr bis zu 10 Personen<\/figcaption><\/figure>\n","protected":false},"excerpt":{"rendered":"<p>\u00a0 &nbsp; &nbsp; &nbsp;<\/p>\n","protected":false},"author":1,"featured_media":0,"parent":2,"menu_order":0,"comment_status":"closed","ping_status":"closed","template":"page-templates\/full-width.php","meta":{"ngg_post_thumbnail":0,"footnotes":""},"class_list":["post-526","page","type-page","status-publish","hentry"],"_links":{"self":[{"href":"https:\/\/www.kramer-tischlerei.de\/index.php?rest_route=\/wp\/v2\/pages\/526","targetHints":{"allow":["GET"]}}],"collection":[{"href":"https:\/\/www.kramer-tischlerei.de\/index.php?rest_route=\/wp\/v2\/pages"}],"about":[{"href":"https:\/\/www.kramer-tischlerei.de\/index.php?rest_route=\/wp\/v2\/types\/page"}],"author":[{"embeddable":true,"href":"https:\/\/www.kramer-tischlerei.de\/index.php?rest_route=\/wp\/v2\/users\/1"}],"replies":[{"embeddable":true,"href":"https:\/\/www.kramer-tischlerei.de\/index.php?rest_route=%2Fwp%2Fv2%2Fcomments&post=526"}],"version-history":[{"count":8,"href":"https:\/\/www.kramer-tischlerei.de\/index.php?rest_route=\/wp\/v2\/pages\/526\/revisions"}],"predecessor-version":[{"id":982,"href":"https:\/\/www.kramer-tischlerei.de\/index.php?rest_route=\/wp\/v2\/pages\/526\/revisions\/982"}],"up":[{"embeddable":true,"href":"https:\/\/www.kramer-tischlerei.de\/index.php?rest_route=\/wp\/v2\/pages\/2"}],"wp:attachment":[{"href":"https:\/\/www.kramer-tischlerei.de\/index.php?rest_route=%2Fwp%2Fv2%2Fmedia&parent=526"}],"curies":[{"name":"wp","href":"https:\/\/api.w.org\/{rel}","templated":true}]}}