{"id":404,"date":"2017-07-11T19:24:51","date_gmt":"2017-07-11T17:24:51","guid":{"rendered":"http:\/\/www.kramer-tischlerei.de\/?page_id=404"},"modified":"2026-04-30T10:45:49","modified_gmt":"2026-04-30T08:45:49","slug":"kuechenfertigung","status":"publish","type":"page","link":"https:\/\/www.kramer-tischlerei.de\/?page_id=404","title":{"rendered":"K\u00fcchenfertigung"},"content":{"rendered":"\n<p><\/p>\n\n\n\n<h3 class=\"wp-block-heading\"><strong>Ihre Traumk\u00fcche \u2013 individuell und einzigartig<\/strong><\/h3>\n\n\n\n<p>Gestalten Sie Ihre K\u00fcche ganz nach Ihren Vorstellungen. Wir fertigen ma\u00dfgeschneiderte K\u00fcchen, die perfekt zu Ihrem Stil und Ihrem Raum passen \u2013 mit h\u00f6chster Pr\u00e4zision und Liebe zum Detail.<\/p>\n\n\n\n<p>Entdecken Sie, wie Ihre W\u00fcnsche in einer K\u00fcche Wirklichkeit werden. Lassen Sie sich inspirieren!<\/p>\n\n\n\nngg_shortcode_0_placeholder\n\n\n\nngg_shortcode_1_placeholder\n\n\n\nngg_shortcode_2_placeholder\n\n\n\nngg_shortcode_3_placeholder\n\n\n\nngg_shortcode_4_placeholder\n\n\n\nngg_shortcode_5_placeholder\n\n\n\nngg_shortcode_6_placeholder\n\n\n\nngg_shortcode_7_placeholder\n\n\n\nngg_shortcode_8_placeholder\n\n\n\nngg_shortcode_9_placeholder\n\n\n\nngg_shortcode_10_placeholder\n\n\n\nngg_shortcode_11_placeholder\n\n\n\nngg_shortcode_12_placeholder\n","protected":false},"excerpt":{"rendered":"<p>Ihre Traumk\u00fcche \u2013 individuell und einzigartig Gestalten Sie Ihre K\u00fcche ganz nach Ihren Vorstellungen. Wir fertigen ma\u00dfgeschneiderte K\u00fcchen, die perfekt zu Ihrem Stil und Ihrem Raum passen \u2013 mit h\u00f6chster Pr\u00e4zision und Liebe zum Detail. Entdecken Sie, wie Ihre W\u00fcnsche in einer K\u00fcche Wirklichkeit werden. Lassen Sie sich inspirieren!<\/p>\n","protected":false},"author":1,"featured_media":0,"parent":27,"menu_order":0,"comment_status":"closed","ping_status":"closed","template":"page-templates\/full-width.php","meta":{"ngg_post_thumbnail":0,"footnotes":""},"class_list":["post-404","page","type-page","status-publish","hentry"],"_links":{"self":[{"href":"https:\/\/www.kramer-tischlerei.de\/index.php?rest_route=\/wp\/v2\/pages\/404","targetHints":{"allow":["GET"]}}],"collection":[{"href":"https:\/\/www.kramer-tischlerei.de\/index.php?rest_route=\/wp\/v2\/pages"}],"about":[{"href":"https:\/\/www.kramer-tischlerei.de\/index.php?rest_route=\/wp\/v2\/types\/page"}],"author":[{"embeddable":true,"href":"https:\/\/www.kramer-tischlerei.de\/index.php?rest_route=\/wp\/v2\/users\/1"}],"replies":[{"embeddable":true,"href":"https:\/\/www.kramer-tischlerei.de\/index.php?rest_route=%2Fwp%2Fv2%2Fcomments&post=404"}],"version-history":[{"count":37,"href":"https:\/\/www.kramer-tischlerei.de\/index.php?rest_route=\/wp\/v2\/pages\/404\/revisions"}],"predecessor-version":[{"id":1247,"href":"https:\/\/www.kramer-tischlerei.de\/index.php?rest_route=\/wp\/v2\/pages\/404\/revisions\/1247"}],"up":[{"embeddable":true,"href":"https:\/\/www.kramer-tischlerei.de\/index.php?rest_route=\/wp\/v2\/pages\/27"}],"wp:attachment":[{"href":"https:\/\/www.kramer-tischlerei.de\/index.php?rest_route=%2Fwp%2Fv2%2Fmedia&parent=404"}],"curies":[{"name":"wp","href":"https:\/\/api.w.org\/{rel}","templated":true}]}}