{"id":389,"date":"2017-07-11T18:48:50","date_gmt":"2017-07-11T16:48:50","guid":{"rendered":"http:\/\/www.kramer-tischlerei.de\/?page_id=389"},"modified":"2025-12-11T11:20:44","modified_gmt":"2025-12-11T09:20:44","slug":"das-team","status":"publish","type":"page","link":"https:\/\/www.kramer-tischlerei.de\/?page_id=389","title":{"rendered":"Das Team"},"content":{"rendered":"\n<p><strong>Tischlermeister und Inhaber:<\/strong><\/p>\n\n\n<div class=\"wp-block-image\">\n<figure class=\"aligncenter\"><a href=\"http:\/\/www.kramer-tischlerei.de\/wp-content\/uploads\/2023\/09\/20230915-Tischlerei-Kramer-LQ-036.jpg\"><img loading=\"lazy\" decoding=\"async\" width=\"683\" height=\"1024\" src=\"http:\/\/www.kramer-tischlerei.de\/wp-content\/uploads\/2023\/09\/20230915-Tischlerei-Kramer-LQ-036-683x1024.jpg\" alt=\"\" class=\"wp-image-869\" srcset=\"https:\/\/www.kramer-tischlerei.de\/wp-content\/uploads\/2023\/09\/20230915-Tischlerei-Kramer-LQ-036-683x1024.jpg 683w, https:\/\/www.kramer-tischlerei.de\/wp-content\/uploads\/2023\/09\/20230915-Tischlerei-Kramer-LQ-036-200x300.jpg 200w, https:\/\/www.kramer-tischlerei.de\/wp-content\/uploads\/2023\/09\/20230915-Tischlerei-Kramer-LQ-036-768x1152.jpg 768w, https:\/\/www.kramer-tischlerei.de\/wp-content\/uploads\/2023\/09\/20230915-Tischlerei-Kramer-LQ-036-1024x1536.jpg 1024w, https:\/\/www.kramer-tischlerei.de\/wp-content\/uploads\/2023\/09\/20230915-Tischlerei-Kramer-LQ-036.jpg 1280w\" sizes=\"auto, (max-width: 683px) 100vw, 683px\" \/><\/a><\/figure>\n<\/div>\n\n\n<p><strong>Bastian Kramer<br>&#8211;<\/strong>2008 Tischlergeselle<br>-2013 Elektrofachkraft im Tischlerhandwerk f\u00fcr Tischlerspezifische Elektroinstallationen<br>-2013 Meister im Tischlerhandwerk<br>-01.01.2014 selbstst\u00e4ndig als Tischlerei Kramer<\/p>\n\n\n\n<p>Erreichbar unter: 0212 64236055<br>Email: info@kramer-tischlerei.de<\/p>\n\n\n\n<p><b>B\u00fcro:<br><\/b><\/p>\n\n\n<div class=\"wp-block-image\">\n<figure class=\"aligncenter\"><a href=\"http:\/\/www.kramer-tischlerei.de\/wp-content\/uploads\/2023\/09\/20230915-Tischlerei-Kramer-LQ-040.jpg\"><img loading=\"lazy\" decoding=\"async\" width=\"1280\" height=\"1920\" src=\"http:\/\/www.kramer-tischlerei.de\/wp-content\/uploads\/2023\/09\/20230915-Tischlerei-Kramer-LQ-040.jpg\" alt=\"\" class=\"wp-image-871\"\/><\/a><\/figure>\n<\/div>\n\n\n<p><strong>Johanna Kramer<br><\/strong>-ab November 2020 bei der Tischlerei Kramer<\/p>\n\n\n\n<p>Erreichbar unter: 0212 64236055<br>oder 0212 25436617<br>Fax: 0212 25436618<br>Email: info@kramer-tischlerei.de<\/p>\n\n\n\n<p><strong>Meister:<\/strong><br><strong>In der Werkstatt erreichbar unter: 0212 25436616<\/strong><\/p>\n\n\n<div class=\"wp-block-image\">\n<figure class=\"aligncenter\"><a href=\"http:\/\/www.kramer-tischlerei.de\/wp-content\/uploads\/2023\/09\/20230915-Tischlerei-Kramer-LQ-018.jpg\"><img loading=\"lazy\" decoding=\"async\" width=\"683\" height=\"1024\" src=\"http:\/\/www.kramer-tischlerei.de\/wp-content\/uploads\/2023\/09\/20230915-Tischlerei-Kramer-LQ-018-683x1024.jpg\" alt=\"\" class=\"wp-image-879\" srcset=\"https:\/\/www.kramer-tischlerei.de\/wp-content\/uploads\/2023\/09\/20230915-Tischlerei-Kramer-LQ-018-683x1024.jpg 683w, https:\/\/www.kramer-tischlerei.de\/wp-content\/uploads\/2023\/09\/20230915-Tischlerei-Kramer-LQ-018-200x300.jpg 200w, https:\/\/www.kramer-tischlerei.de\/wp-content\/uploads\/2023\/09\/20230915-Tischlerei-Kramer-LQ-018-768x1152.jpg 768w, https:\/\/www.kramer-tischlerei.de\/wp-content\/uploads\/2023\/09\/20230915-Tischlerei-Kramer-LQ-018-1024x1536.jpg 1024w, https:\/\/www.kramer-tischlerei.de\/wp-content\/uploads\/2023\/09\/20230915-Tischlerei-Kramer-LQ-018.jpg 1280w\" sizes=\"auto, (max-width: 683px) 100vw, 683px\" \/><\/a><\/figure>\n<\/div>\n\n\n<p><strong>Sascha Bohne<\/strong><br>-seit Juni 1997 Tischlergeselle<br>-seit M\u00e4rz 2004 Tischlermeister<br>-ab September 2023 bei der Tischlerei<\/p>\n\n\n\n<p><strong>Gesellen:<br><\/strong><\/p>\n\n\n<div class=\"wp-block-image\">\n<figure class=\"aligncenter\"><a href=\"http:\/\/www.kramer-tischlerei.de\/wp-content\/uploads\/2023\/09\/20230915-Tischlerei-Kramer-LQ-031.jpg\"><img loading=\"lazy\" decoding=\"async\" width=\"683\" height=\"1024\" src=\"http:\/\/www.kramer-tischlerei.de\/wp-content\/uploads\/2023\/09\/20230915-Tischlerei-Kramer-LQ-031-683x1024.jpg\" alt=\"\" class=\"wp-image-872\" srcset=\"https:\/\/www.kramer-tischlerei.de\/wp-content\/uploads\/2023\/09\/20230915-Tischlerei-Kramer-LQ-031-683x1024.jpg 683w, https:\/\/www.kramer-tischlerei.de\/wp-content\/uploads\/2023\/09\/20230915-Tischlerei-Kramer-LQ-031-200x300.jpg 200w, https:\/\/www.kramer-tischlerei.de\/wp-content\/uploads\/2023\/09\/20230915-Tischlerei-Kramer-LQ-031-768x1152.jpg 768w, https:\/\/www.kramer-tischlerei.de\/wp-content\/uploads\/2023\/09\/20230915-Tischlerei-Kramer-LQ-031-1024x1536.jpg 1024w, https:\/\/www.kramer-tischlerei.de\/wp-content\/uploads\/2023\/09\/20230915-Tischlerei-Kramer-LQ-031.jpg 1280w\" sizes=\"auto, (max-width: 683px) 100vw, 683px\" \/><\/a><\/figure>\n<\/div>\n\n\n<p><strong>Tim Kunst<br><\/strong>-ab September 2016 bei der Tischlerei Kramer<strong><br><\/strong>-seit Juni 2017 Tischlergeselle<\/p>\n\n\n<div class=\"wp-block-image\">\n<figure class=\"aligncenter\"><a href=\"http:\/\/www.kramer-tischlerei.de\/wp-content\/uploads\/2023\/09\/20230915-Tischlerei-Kramer-LQ-033.jpg\"><img loading=\"lazy\" decoding=\"async\" width=\"683\" height=\"1024\" src=\"http:\/\/www.kramer-tischlerei.de\/wp-content\/uploads\/2023\/09\/20230915-Tischlerei-Kramer-LQ-033-683x1024.jpg\" alt=\"\" class=\"wp-image-874\" srcset=\"https:\/\/www.kramer-tischlerei.de\/wp-content\/uploads\/2023\/09\/20230915-Tischlerei-Kramer-LQ-033-683x1024.jpg 683w, https:\/\/www.kramer-tischlerei.de\/wp-content\/uploads\/2023\/09\/20230915-Tischlerei-Kramer-LQ-033-200x300.jpg 200w, https:\/\/www.kramer-tischlerei.de\/wp-content\/uploads\/2023\/09\/20230915-Tischlerei-Kramer-LQ-033-768x1152.jpg 768w, https:\/\/www.kramer-tischlerei.de\/wp-content\/uploads\/2023\/09\/20230915-Tischlerei-Kramer-LQ-033-1024x1536.jpg 1024w, https:\/\/www.kramer-tischlerei.de\/wp-content\/uploads\/2023\/09\/20230915-Tischlerei-Kramer-LQ-033.jpg 1280w\" sizes=\"auto, (max-width: 683px) 100vw, 683px\" \/><\/a><\/figure>\n<\/div>\n\n\n<p><b>Luis Schu\u00e9<\/b><br>-ab September 2020 bei der Tischlerei Kramer<br>-seit Juni 2022 Tischlergeselle<\/p>\n\n\n\n<p><strong>Lehrlinge:<\/strong><\/p>\n\n\n<div class=\"wp-block-image\">\n<figure class=\"aligncenter size-full is-resized\"><a href=\"http:\/\/www.kramer-tischlerei.de\/wp-content\/uploads\/2023\/09\/20230915-Tischlerei-Kramer-LQ-022.jpg\"><img loading=\"lazy\" decoding=\"async\" width=\"1280\" height=\"1920\" src=\"http:\/\/www.kramer-tischlerei.de\/wp-content\/uploads\/2023\/09\/20230915-Tischlerei-Kramer-LQ-022.jpg\" alt=\"\" class=\"wp-image-876\" style=\"width:451px;height:676px\"\/><\/a><\/figure>\n<\/div>\n\n\n<p><strong>Fabian Rink<\/strong><br>-ab August 2023 bei der Tischlerei Kramer<\/p>\n\n\n<div class=\"wp-block-image\">\n<figure class=\"aligncenter size-large is-resized\"><a href=\"https:\/\/www.kramer-tischlerei.de\/wp-content\/uploads\/2025\/12\/20251211_NH.jpeg\"><img loading=\"lazy\" decoding=\"async\" width=\"768\" height=\"1024\" src=\"https:\/\/www.kramer-tischlerei.de\/wp-content\/uploads\/2025\/12\/20251211_NH-768x1024.jpeg\" alt=\"\" class=\"wp-image-1215\" style=\"width:452px;height:auto\" srcset=\"https:\/\/www.kramer-tischlerei.de\/wp-content\/uploads\/2025\/12\/20251211_NH-768x1024.jpeg 768w, https:\/\/www.kramer-tischlerei.de\/wp-content\/uploads\/2025\/12\/20251211_NH-225x300.jpeg 225w, https:\/\/www.kramer-tischlerei.de\/wp-content\/uploads\/2025\/12\/20251211_NH-1152x1536.jpeg 1152w, https:\/\/www.kramer-tischlerei.de\/wp-content\/uploads\/2025\/12\/20251211_NH.jpeg 1200w\" sizes=\"auto, (max-width: 768px) 100vw, 768px\" \/><\/a><\/figure>\n<\/div>\n\n\n<p><strong>Niklas Hauck<\/strong><br>-ab Dezember 2025 bei der Tischlerei Kramer<\/p>\n\n\n<div class=\"wp-block-image\">\n<figure class=\"aligncenter size-large is-resized\"><a href=\"https:\/\/www.kramer-tischlerei.de\/wp-content\/uploads\/2024\/08\/20240822_NJ_Orginal-scaled.jpg\"><img loading=\"lazy\" decoding=\"async\" width=\"768\" height=\"1024\" src=\"https:\/\/www.kramer-tischlerei.de\/wp-content\/uploads\/2024\/08\/20240822_NJ_Orginal-768x1024.jpg\" alt=\"\" class=\"wp-image-948\" style=\"width:450px;height:auto\" srcset=\"https:\/\/www.kramer-tischlerei.de\/wp-content\/uploads\/2024\/08\/20240822_NJ_Orginal-768x1024.jpg 768w, https:\/\/www.kramer-tischlerei.de\/wp-content\/uploads\/2024\/08\/20240822_NJ_Orginal-225x300.jpg 225w, https:\/\/www.kramer-tischlerei.de\/wp-content\/uploads\/2024\/08\/20240822_NJ_Orginal-1152x1536.jpg 1152w, https:\/\/www.kramer-tischlerei.de\/wp-content\/uploads\/2024\/08\/20240822_NJ_Orginal-1536x2048.jpg 1536w, https:\/\/www.kramer-tischlerei.de\/wp-content\/uploads\/2024\/08\/20240822_NJ_Orginal-scaled.jpg 1920w\" sizes=\"auto, (max-width: 768px) 100vw, 768px\" \/><\/a><\/figure>\n<\/div>\n\n\n<p><strong>Nikolai Jovanovic<\/strong><br>-ab August 2024 bei der Tischlerei Kramer<\/p>\n\n\n<div class=\"wp-block-image\">\n<figure class=\"aligncenter size-large is-resized\"><a href=\"https:\/\/www.kramer-tischlerei.de\/wp-content\/uploads\/2025\/11\/20250821_LC-scaled.jpeg\"><img loading=\"lazy\" decoding=\"async\" width=\"683\" height=\"1024\" src=\"https:\/\/www.kramer-tischlerei.de\/wp-content\/uploads\/2025\/11\/20250821_LC-683x1024.jpeg\" alt=\"\" class=\"wp-image-1008\" style=\"width:450px;height:auto\" srcset=\"https:\/\/www.kramer-tischlerei.de\/wp-content\/uploads\/2025\/11\/20250821_LC-683x1024.jpeg 683w, https:\/\/www.kramer-tischlerei.de\/wp-content\/uploads\/2025\/11\/20250821_LC-200x300.jpeg 200w, https:\/\/www.kramer-tischlerei.de\/wp-content\/uploads\/2025\/11\/20250821_LC-768x1152.jpeg 768w, https:\/\/www.kramer-tischlerei.de\/wp-content\/uploads\/2025\/11\/20250821_LC-scaled.jpeg 1707w\" sizes=\"auto, (max-width: 683px) 100vw, 683px\" \/><\/a><\/figure>\n<\/div>\n\n\n<p><strong>Lasse Clauberg<\/strong><br>-ab August 2025 bei der Tischlerei Kramer<\/p>\n","protected":false},"excerpt":{"rendered":"<p>Tischlermeister und Inhaber: Bastian Kramer&#8211;2008 Tischlergeselle-2013 Elektrofachkraft im Tischlerhandwerk f\u00fcr Tischlerspezifische Elektroinstallationen-2013 Meister im Tischlerhandwerk-01.01.2014 selbstst\u00e4ndig als Tischlerei Kramer Erreichbar unter: 0212 64236055Email: info@kramer-tischlerei.de B\u00fcro: Johanna Kramer-ab November 2020 bei der Tischlerei Kramer Erreichbar unter: 0212 64236055oder 0212 25436617Fax: 0212 25436618Email: info@kramer-tischlerei.de Meister:In der Werkstatt erreichbar unter: 0212 25436616 Sascha Bohne-seit Juni 1997 Tischlergeselle-seit M\u00e4rz &hellip; <a href=\"https:\/\/www.kramer-tischlerei.de\/?page_id=389\" class=\"more-link\"><span class=\"screen-reader-text\">Das Team<\/span> weiterlesen <span class=\"meta-nav\">&rarr;<\/span><\/a><\/p>\n","protected":false},"author":1,"featured_media":0,"parent":0,"menu_order":0,"comment_status":"closed","ping_status":"closed","template":"page-templates\/full-width.php","meta":{"ngg_post_thumbnail":0,"footnotes":""},"class_list":["post-389","page","type-page","status-publish","hentry"],"_links":{"self":[{"href":"https:\/\/www.kramer-tischlerei.de\/index.php?rest_route=\/wp\/v2\/pages\/389","targetHints":{"allow":["GET"]}}],"collection":[{"href":"https:\/\/www.kramer-tischlerei.de\/index.php?rest_route=\/wp\/v2\/pages"}],"about":[{"href":"https:\/\/www.kramer-tischlerei.de\/index.php?rest_route=\/wp\/v2\/types\/page"}],"author":[{"embeddable":true,"href":"https:\/\/www.kramer-tischlerei.de\/index.php?rest_route=\/wp\/v2\/users\/1"}],"replies":[{"embeddable":true,"href":"https:\/\/www.kramer-tischlerei.de\/index.php?rest_route=%2Fwp%2Fv2%2Fcomments&post=389"}],"version-history":[{"count":36,"href":"https:\/\/www.kramer-tischlerei.de\/index.php?rest_route=\/wp\/v2\/pages\/389\/revisions"}],"predecessor-version":[{"id":1217,"href":"https:\/\/www.kramer-tischlerei.de\/index.php?rest_route=\/wp\/v2\/pages\/389\/revisions\/1217"}],"wp:attachment":[{"href":"https:\/\/www.kramer-tischlerei.de\/index.php?rest_route=%2Fwp%2Fv2%2Fmedia&parent=389"}],"curies":[{"name":"wp","href":"https:\/\/api.w.org\/{rel}","templated":true}]}}