{"id":385,"date":"2017-07-11T18:48:32","date_gmt":"2017-07-11T16:48:32","guid":{"rendered":"http:\/\/www.kramer-tischlerei.de\/?page_id=385"},"modified":"2021-06-10T13:44:58","modified_gmt":"2021-06-10T11:44:58","slug":"die-werkstatt","status":"publish","type":"page","link":"https:\/\/www.kramer-tischlerei.de\/?page_id=385","title":{"rendered":"Die Werkstatt"},"content":{"rendered":"<p><strong>Fertigungshalle<\/strong><\/p>\n<figure id=\"attachment_770\" aria-describedby=\"caption-attachment-770\" style=\"width: 640px\" class=\"wp-caption aligncenter\"><a href=\"http:\/\/www.kramer-tischlerei.de\/wp-content\/uploads\/2017\/07\/Maschinen.jpg\"><img loading=\"lazy\" decoding=\"async\" class=\"wp-image-770 size-full\" src=\"http:\/\/www.kramer-tischlerei.de\/wp-content\/uploads\/2017\/07\/Maschinen.jpg\" alt=\"\" width=\"640\" height=\"480\" srcset=\"https:\/\/www.kramer-tischlerei.de\/wp-content\/uploads\/2017\/07\/Maschinen.jpg 640w, https:\/\/www.kramer-tischlerei.de\/wp-content\/uploads\/2017\/07\/Maschinen-300x225.jpg 300w\" sizes=\"auto, (max-width: 640px) 100vw, 640px\" \/><\/a><figcaption id=\"caption-attachment-770\" class=\"wp-caption-text\">In unserer Werkstatt am Lindgesfeld k\u00f6nnen wir dank neuster CNC-Fertigung Passgenau und auf h\u00f6chstem Niveau pr\u00e4zise und schnell fertigen.<\/figcaption><\/figure>\n<figure id=\"attachment_767\" aria-describedby=\"caption-attachment-767\" style=\"width: 640px\" class=\"wp-caption aligncenter\"><a href=\"http:\/\/www.kramer-tischlerei.de\/wp-content\/uploads\/2017\/07\/Werkstatt.jpg\"><img loading=\"lazy\" decoding=\"async\" class=\"wp-image-767 size-full\" src=\"http:\/\/www.kramer-tischlerei.de\/wp-content\/uploads\/2017\/07\/Werkstatt.jpg\" alt=\"\" width=\"640\" height=\"480\" srcset=\"https:\/\/www.kramer-tischlerei.de\/wp-content\/uploads\/2017\/07\/Werkstatt.jpg 640w, https:\/\/www.kramer-tischlerei.de\/wp-content\/uploads\/2017\/07\/Werkstatt-300x225.jpg 300w\" sizes=\"auto, (max-width: 640px) 100vw, 640px\" \/><\/a><figcaption id=\"caption-attachment-767\" class=\"wp-caption-text\">Fertigung im Maschinenraum; Oberfl\u00e4chenvorbereitung; Zusammenbau; Lagerung<\/figcaption><\/figure>\n<p><strong>Lackieren<\/strong><\/p>\n<figure id=\"attachment_782\" aria-describedby=\"caption-attachment-782\" style=\"width: 640px\" class=\"wp-caption aligncenter\"><a href=\"http:\/\/www.kramer-tischlerei.de\/wp-content\/uploads\/2021\/06\/Lackraum.jpg\"><img loading=\"lazy\" decoding=\"async\" class=\"wp-image-782 size-full\" src=\"http:\/\/www.kramer-tischlerei.de\/wp-content\/uploads\/2021\/06\/Lackraum.jpg\" alt=\"\" width=\"640\" height=\"480\" srcset=\"https:\/\/www.kramer-tischlerei.de\/wp-content\/uploads\/2021\/06\/Lackraum.jpg 640w, https:\/\/www.kramer-tischlerei.de\/wp-content\/uploads\/2021\/06\/Lackraum-300x225.jpg 300w\" sizes=\"auto, (max-width: 640px) 100vw, 640px\" \/><\/a><figcaption id=\"caption-attachment-782\" class=\"wp-caption-text\">Bei guten Lichtverh\u00e4ltnissen und ge\u00fcbter Hand l\u00e4sst sich alles lackieren<\/figcaption><\/figure>\n<p><strong>Das Lager<\/strong><\/p>\n<figure id=\"attachment_768\" aria-describedby=\"caption-attachment-768\" style=\"width: 482px\" class=\"wp-caption aligncenter\"><a href=\"http:\/\/www.kramer-tischlerei.de\/wp-content\/uploads\/2017\/07\/Lager_Zuschnitt.jpg\"><img loading=\"lazy\" decoding=\"async\" class=\"wp-image-768\" src=\"http:\/\/www.kramer-tischlerei.de\/wp-content\/uploads\/2017\/07\/Lager_Zuschnitt.jpg\" alt=\"\" width=\"482\" height=\"362\" srcset=\"https:\/\/www.kramer-tischlerei.de\/wp-content\/uploads\/2017\/07\/Lager_Zuschnitt.jpg 640w, https:\/\/www.kramer-tischlerei.de\/wp-content\/uploads\/2017\/07\/Lager_Zuschnitt-300x225.jpg 300w\" sizes=\"auto, (max-width: 482px) 100vw, 482px\" \/><\/a><figcaption id=\"caption-attachment-768\" class=\"wp-caption-text\">Lagerfl\u00e4che f\u00fcr Massivh\u00f6lzer, allt\u00e4glich ben\u00f6tigte Plattenwerkstoffe, Halbfertigteile wie T\u00fcren, Parkett, Trockenbau<\/figcaption><\/figure>\n<figure id=\"attachment_764\" aria-describedby=\"caption-attachment-764\" style=\"width: 210px\" class=\"wp-caption alignleft\"><img loading=\"lazy\" decoding=\"async\" class=\"wp-image-764\" src=\"http:\/\/www.kramer-tischlerei.de\/wp-content\/uploads\/2017\/07\/Massivholzlager-e1623321514693.jpg\" alt=\"\" width=\"210\" height=\"280\" srcset=\"https:\/\/www.kramer-tischlerei.de\/wp-content\/uploads\/2017\/07\/Massivholzlager-e1623321514693.jpg 480w, https:\/\/www.kramer-tischlerei.de\/wp-content\/uploads\/2017\/07\/Massivholzlager-e1623321514693-225x300.jpg 225w\" sizes=\"auto, (max-width: 210px) 100vw, 210px\" \/><figcaption id=\"caption-attachment-764\" class=\"wp-caption-text\">Neben der Plattenwerkstoffverarbeitung wird zum Gl\u00fcck immer noch viel mit massivholz gearbeitet. In unserem lager sind immer viele unterschiedliche getrocknete Holzarten eingelagert.<\/figcaption><\/figure>\n<p><strong>Energiezufuhr<\/strong><\/p>\n<figure id=\"attachment_765\" aria-describedby=\"caption-attachment-765\" style=\"width: 640px\" class=\"wp-caption aligncenter\"><a href=\"http:\/\/www.kramer-tischlerei.de\/wp-content\/uploads\/2017\/07\/PV.jpg\"><img loading=\"lazy\" decoding=\"async\" class=\"wp-image-765 size-full\" src=\"http:\/\/www.kramer-tischlerei.de\/wp-content\/uploads\/2017\/07\/PV.jpg\" alt=\"\" width=\"640\" height=\"480\" srcset=\"https:\/\/www.kramer-tischlerei.de\/wp-content\/uploads\/2017\/07\/PV.jpg 640w, https:\/\/www.kramer-tischlerei.de\/wp-content\/uploads\/2017\/07\/PV-300x225.jpg 300w\" sizes=\"auto, (max-width: 640px) 100vw, 640px\" \/><\/a><figcaption id=\"caption-attachment-765\" class=\"wp-caption-text\">Dank unserer Photovoltaikanlage stellen wir unseren eigenen Strom zur Produktion her.<\/figcaption><\/figure>\n<figure id=\"attachment_766\" aria-describedby=\"caption-attachment-766\" style=\"width: 640px\" class=\"wp-caption aligncenter\"><a href=\"http:\/\/www.kramer-tischlerei.de\/wp-content\/uploads\/2017\/07\/Heizung.jpg\"><img loading=\"lazy\" decoding=\"async\" class=\"wp-image-766 size-full\" src=\"http:\/\/www.kramer-tischlerei.de\/wp-content\/uploads\/2017\/07\/Heizung.jpg\" alt=\"\" width=\"640\" height=\"480\" srcset=\"https:\/\/www.kramer-tischlerei.de\/wp-content\/uploads\/2017\/07\/Heizung.jpg 640w, https:\/\/www.kramer-tischlerei.de\/wp-content\/uploads\/2017\/07\/Heizung-300x225.jpg 300w\" sizes=\"auto, (max-width: 640px) 100vw, 640px\" \/><\/a><figcaption id=\"caption-attachment-766\" class=\"wp-caption-text\">Unsere Holzsp\u00e4ne gelangen durch die Absaugung in einen Sp\u00e4nebunker,\u00a0 werden vollautomatisch bei kalten Temperaturen von der Heizung angezogen, verheizt und erw\u00e4rmen unsere Produktionshallen.\u00a0 Somit k\u00f6nnen wir auch im Winter beste Lackierergebnisse erzielen.<\/figcaption><\/figure>\n","protected":false},"excerpt":{"rendered":"<p>Fertigungshalle Lackieren Das Lager Energiezufuhr<\/p>\n","protected":false},"author":1,"featured_media":0,"parent":0,"menu_order":0,"comment_status":"closed","ping_status":"closed","template":"page-templates\/full-width.php","meta":{"ngg_post_thumbnail":0,"footnotes":""},"class_list":["post-385","page","type-page","status-publish","hentry"],"_links":{"self":[{"href":"https:\/\/www.kramer-tischlerei.de\/index.php?rest_route=\/wp\/v2\/pages\/385","targetHints":{"allow":["GET"]}}],"collection":[{"href":"https:\/\/www.kramer-tischlerei.de\/index.php?rest_route=\/wp\/v2\/pages"}],"about":[{"href":"https:\/\/www.kramer-tischlerei.de\/index.php?rest_route=\/wp\/v2\/types\/page"}],"author":[{"embeddable":true,"href":"https:\/\/www.kramer-tischlerei.de\/index.php?rest_route=\/wp\/v2\/users\/1"}],"replies":[{"embeddable":true,"href":"https:\/\/www.kramer-tischlerei.de\/index.php?rest_route=%2Fwp%2Fv2%2Fcomments&post=385"}],"version-history":[{"count":12,"href":"https:\/\/www.kramer-tischlerei.de\/index.php?rest_route=\/wp\/v2\/pages\/385\/revisions"}],"predecessor-version":[{"id":842,"href":"https:\/\/www.kramer-tischlerei.de\/index.php?rest_route=\/wp\/v2\/pages\/385\/revisions\/842"}],"wp:attachment":[{"href":"https:\/\/www.kramer-tischlerei.de\/index.php?rest_route=%2Fwp%2Fv2%2Fmedia&parent=385"}],"curies":[{"name":"wp","href":"https:\/\/api.w.org\/{rel}","templated":true}]}}