{"id":211,"date":"2016-11-27T11:49:08","date_gmt":"2016-11-27T09:49:08","guid":{"rendered":"http:\/\/www.kramer-tischlerei.de\/?page_id=211"},"modified":"2026-03-16T12:50:02","modified_gmt":"2026-03-16T10:50:02","slug":"waschtische","status":"publish","type":"page","link":"https:\/\/www.kramer-tischlerei.de\/?page_id=211","title":{"rendered":"Waschtische \/ Badm\u00f6bel"},"content":{"rendered":"\nngg_shortcode_0_placeholder\n\n\n\nngg_shortcode_1_placeholder\n\n\n<div class=\"wp-block-image\">\n<figure class=\"aligncenter size-large\"><a href=\"https:\/\/www.kramer-tischlerei.de\/wp-content\/uploads\/2024\/10\/IMG-20241007-WA0047.jpg\"><img loading=\"lazy\" decoding=\"async\" width=\"1024\" height=\"768\" src=\"https:\/\/www.kramer-tischlerei.de\/wp-content\/uploads\/2024\/10\/IMG-20241007-WA0047-1024x768.jpg\" alt=\"\" class=\"wp-image-999\" srcset=\"https:\/\/www.kramer-tischlerei.de\/wp-content\/uploads\/2024\/10\/IMG-20241007-WA0047-1024x768.jpg 1024w, https:\/\/www.kramer-tischlerei.de\/wp-content\/uploads\/2024\/10\/IMG-20241007-WA0047-300x225.jpg 300w, https:\/\/www.kramer-tischlerei.de\/wp-content\/uploads\/2024\/10\/IMG-20241007-WA0047-768x576.jpg 768w, https:\/\/www.kramer-tischlerei.de\/wp-content\/uploads\/2024\/10\/IMG-20241007-WA0047-1536x1152.jpg 1536w, https:\/\/www.kramer-tischlerei.de\/wp-content\/uploads\/2024\/10\/IMG-20241007-WA0047.jpg 1600w\" sizes=\"auto, (max-width: 1024px) 100vw, 1024px\" \/><\/a><\/figure>\n<\/div>\n\n<p><a href=\"http:\/\/www.kramer-tischlerei.de\/wp-content\/uploads\/2016\/11\/IMG_7153.jpg\">\u00a0<\/a><\/p>\n<figure id=\"attachment_559\" aria-describedby=\"caption-attachment-559\" style=\"width: 474px\" class=\"wp-caption aligncenter\"><a href=\"http:\/\/www.kramer-tischlerei.de\/wp-content\/uploads\/2016\/11\/Waschtisch_C_Mattlack_2.jpg\"><img loading=\"lazy\" decoding=\"async\" class=\"wp-image-559 size-large\" src=\"http:\/\/www.kramer-tischlerei.de\/wp-content\/uploads\/2016\/11\/Waschtisch_C_Mattlack_2-1024x768.jpg\" alt=\"\" width=\"474\" height=\"356\" srcset=\"https:\/\/www.kramer-tischlerei.de\/wp-content\/uploads\/2016\/11\/Waschtisch_C_Mattlack_2-1024x768.jpg 1024w, https:\/\/www.kramer-tischlerei.de\/wp-content\/uploads\/2016\/11\/Waschtisch_C_Mattlack_2-300x225.jpg 300w, https:\/\/www.kramer-tischlerei.de\/wp-content\/uploads\/2016\/11\/Waschtisch_C_Mattlack_2-768x576.jpg 768w, https:\/\/www.kramer-tischlerei.de\/wp-content\/uploads\/2016\/11\/Waschtisch_C_Mattlack_2.jpg 2016w\" sizes=\"auto, (max-width: 474px) 100vw, 474px\" \/><\/a><figcaption id=\"caption-attachment-559\" class=\"wp-caption-text\">Waschtisch Mattlackiert als C-Form mit 2 st\u00fcck Tip-on Schubk\u00e4sten; dahinter Wandboard &#8222;Spa Styling&#8220;<\/figcaption><\/figure>\n<figure id=\"attachment_517\" aria-describedby=\"caption-attachment-517\" style=\"width: 474px\" class=\"wp-caption alignnone\"><a href=\"http:\/\/www.kramer-tischlerei.de\/wp-content\/uploads\/2016\/11\/image-4.jpeg\"><img loading=\"lazy\" decoding=\"async\" class=\"wp-image-517 size-large\" src=\"http:\/\/www.kramer-tischlerei.de\/wp-content\/uploads\/2016\/11\/image-4-1024x768.jpeg\" alt=\"\" width=\"474\" height=\"356\" srcset=\"https:\/\/www.kramer-tischlerei.de\/wp-content\/uploads\/2016\/11\/image-4-1024x768.jpeg 1024w, https:\/\/www.kramer-tischlerei.de\/wp-content\/uploads\/2016\/11\/image-4-300x225.jpeg 300w, https:\/\/www.kramer-tischlerei.de\/wp-content\/uploads\/2016\/11\/image-4-768x576.jpeg 768w, https:\/\/www.kramer-tischlerei.de\/wp-content\/uploads\/2016\/11\/image-4.jpeg 2048w\" sizes=\"auto, (max-width: 474px) 100vw, 474px\" \/><\/a><figcaption id=\"caption-attachment-517\" class=\"wp-caption-text\">Matt lackierter Korpus als C mit sch\u00f6nen Eichenschubk\u00e4sten dunkel gebeizt, einer passenden wc-Ablage und einen auf alt getrimmten Spiegel<\/figcaption><\/figure>\n<figure id=\"attachment_567\" aria-describedby=\"caption-attachment-567\" style=\"width: 474px\" class=\"wp-caption aligncenter\"><a href=\"http:\/\/www.kramer-tischlerei.de\/wp-content\/uploads\/2016\/11\/Waschtisch_EichenC.jpg\"><img loading=\"lazy\" decoding=\"async\" class=\"size-large wp-image-567\" src=\"http:\/\/www.kramer-tischlerei.de\/wp-content\/uploads\/2016\/11\/Waschtisch_EichenC-768x1024.jpg\" alt=\"\" width=\"474\" height=\"632\" srcset=\"https:\/\/www.kramer-tischlerei.de\/wp-content\/uploads\/2016\/11\/Waschtisch_EichenC.jpg 768w, https:\/\/www.kramer-tischlerei.de\/wp-content\/uploads\/2016\/11\/Waschtisch_EichenC-225x300.jpg 225w\" sizes=\"auto, (max-width: 474px) 100vw, 474px\" \/><\/a><figcaption id=\"caption-attachment-567\" class=\"wp-caption-text\">sch\u00f6ner G\u00e4ste-WC Eichen Vollholz Waschtisch<\/figcaption><\/figure>\n<figure id=\"attachment_644\" aria-describedby=\"caption-attachment-644\" style=\"width: 474px\" class=\"wp-caption aligncenter\"><a href=\"http:\/\/www.kramer-tischlerei.de\/wp-content\/uploads\/2016\/11\/91.jpg\"><img loading=\"lazy\" decoding=\"async\" class=\"wp-image-644 size-large\" src=\"http:\/\/www.kramer-tischlerei.de\/wp-content\/uploads\/2016\/11\/91-1024x768.jpg\" alt=\"\" width=\"474\" height=\"356\" srcset=\"https:\/\/www.kramer-tischlerei.de\/wp-content\/uploads\/2016\/11\/91-1024x768.jpg 1024w, https:\/\/www.kramer-tischlerei.de\/wp-content\/uploads\/2016\/11\/91-300x225.jpg 300w, https:\/\/www.kramer-tischlerei.de\/wp-content\/uploads\/2016\/11\/91-768x576.jpg 768w, https:\/\/www.kramer-tischlerei.de\/wp-content\/uploads\/2016\/11\/91.jpg 1600w\" sizes=\"auto, (max-width: 474px) 100vw, 474px\" \/><\/a><figcaption id=\"caption-attachment-644\" class=\"wp-caption-text\">Waschtisch mit massiver Eichenplatte, Korpus aus schwarz matter Anti-Fingerprint Platte gefertigt.<\/figcaption><\/figure>\n<figure id=\"attachment_560\" aria-describedby=\"caption-attachment-560\" style=\"width: 474px\" class=\"wp-caption aligncenter\"><a href=\"http:\/\/www.kramer-tischlerei.de\/wp-content\/uploads\/2016\/11\/Waschtisch_WC-Anlage.jpg\"><img loading=\"lazy\" decoding=\"async\" class=\"size-large wp-image-560\" src=\"http:\/\/www.kramer-tischlerei.de\/wp-content\/uploads\/2016\/11\/Waschtisch_WC-Anlage-768x1024.jpg\" alt=\"\" width=\"474\" height=\"632\" srcset=\"https:\/\/www.kramer-tischlerei.de\/wp-content\/uploads\/2016\/11\/Waschtisch_WC-Anlage-768x1024.jpg 768w, https:\/\/www.kramer-tischlerei.de\/wp-content\/uploads\/2016\/11\/Waschtisch_WC-Anlage-225x300.jpg 225w, https:\/\/www.kramer-tischlerei.de\/wp-content\/uploads\/2016\/11\/Waschtisch_WC-Anlage.jpg 1512w\" sizes=\"auto, (max-width: 474px) 100vw, 474px\" \/><\/a><figcaption id=\"caption-attachment-560\" class=\"wp-caption-text\">Resopal beschichteter WC-Anlagen Waschtisch mit Papiereinwurfschacht<\/figcaption><\/figure>\n<figure id=\"attachment_561\" aria-describedby=\"caption-attachment-561\" style=\"width: 474px\" class=\"wp-caption aligncenter\"><a href=\"http:\/\/www.kramer-tischlerei.de\/wp-content\/uploads\/2016\/11\/Waschtisch_Eichenablage.jpg\"><img loading=\"lazy\" decoding=\"async\" class=\"size-large wp-image-561\" src=\"http:\/\/www.kramer-tischlerei.de\/wp-content\/uploads\/2016\/11\/Waschtisch_Eichenablage-1024x768.jpg\" alt=\"\" width=\"474\" height=\"356\" srcset=\"https:\/\/www.kramer-tischlerei.de\/wp-content\/uploads\/2016\/11\/Waschtisch_Eichenablage-1024x768.jpg 1024w, https:\/\/www.kramer-tischlerei.de\/wp-content\/uploads\/2016\/11\/Waschtisch_Eichenablage-300x225.jpg 300w, https:\/\/www.kramer-tischlerei.de\/wp-content\/uploads\/2016\/11\/Waschtisch_Eichenablage-768x576.jpg 768w, https:\/\/www.kramer-tischlerei.de\/wp-content\/uploads\/2016\/11\/Waschtisch_Eichenablage.jpg 2016w\" sizes=\"auto, (max-width: 474px) 100vw, 474px\" \/><\/a><figcaption id=\"caption-attachment-561\" class=\"wp-caption-text\">Waschtisch Mattlack mit einer Eichenvollholzabdeckplatte<\/figcaption><\/figure>\n<figure id=\"attachment_159\" aria-describedby=\"caption-attachment-159\" style=\"width: 640px\" class=\"wp-caption aligncenter\"><a href=\"http:\/\/www.kramer-tischlerei.de\/wp-content\/uploads\/2014\/01\/Foto.jpg\"><img loading=\"lazy\" decoding=\"async\" class=\"size-large wp-image-159\" src=\"http:\/\/www.kramer-tischlerei.de\/wp-content\/uploads\/2014\/01\/Foto-1024x764.jpg\" alt=\"Eichenwaschtisch geb\u00fcrstet und wei\u00df ge\u00f6lt, mit einer Glasplatte als Ablage, und Spiegelschr\u00e4nken\" width=\"640\" height=\"478\" srcset=\"https:\/\/www.kramer-tischlerei.de\/wp-content\/uploads\/2014\/01\/Foto-1024x764.jpg 1024w, https:\/\/www.kramer-tischlerei.de\/wp-content\/uploads\/2014\/01\/Foto-300x224.jpg 300w, https:\/\/www.kramer-tischlerei.de\/wp-content\/uploads\/2014\/01\/Foto.jpg 1660w\" sizes=\"auto, (max-width: 640px) 100vw, 640px\" \/><\/a><figcaption id=\"caption-attachment-159\" class=\"wp-caption-text\">Eichenwaschtisch geb\u00fcrstet und wei\u00df ge\u00f6lt, mit einer Glasplatte als Ablage, und Spiegelschr\u00e4nken<\/figcaption><\/figure>\n<figure id=\"attachment_181\" aria-describedby=\"caption-attachment-181\" style=\"width: 653px\" class=\"wp-caption aligncenter\"><a href=\"http:\/\/www.kramer-tischlerei.de\/wp-content\/uploads\/2014\/01\/IMG_4896.jpg\"><img loading=\"lazy\" decoding=\"async\" class=\"size-full wp-image-181\" src=\"http:\/\/www.kramer-tischlerei.de\/wp-content\/uploads\/2014\/01\/IMG_4896.jpg\" alt=\"Badezimmernischenschrank\" width=\"653\" height=\"490\" srcset=\"https:\/\/www.kramer-tischlerei.de\/wp-content\/uploads\/2014\/01\/IMG_4896.jpg 653w, https:\/\/www.kramer-tischlerei.de\/wp-content\/uploads\/2014\/01\/IMG_4896-300x225.jpg 300w\" sizes=\"auto, (max-width: 653px) 100vw, 653px\" \/><\/a><figcaption id=\"caption-attachment-181\" class=\"wp-caption-text\">Badezimmernischenschrank<\/figcaption><\/figure>\n<figure id=\"attachment_252\" aria-describedby=\"caption-attachment-252\" style=\"width: 640px\" class=\"wp-caption aligncenter\"><img loading=\"lazy\" decoding=\"async\" class=\"wp-image-252 size-large\" src=\"http:\/\/www.kramer-tischlerei.de\/wp-content\/uploads\/2016\/11\/IMG_6392-1024x768.jpg\" alt=\"img_6392\" width=\"640\" height=\"480\" srcset=\"https:\/\/www.kramer-tischlerei.de\/wp-content\/uploads\/2016\/11\/IMG_6392-1024x768.jpg 1024w, https:\/\/www.kramer-tischlerei.de\/wp-content\/uploads\/2016\/11\/IMG_6392-300x225.jpg 300w, https:\/\/www.kramer-tischlerei.de\/wp-content\/uploads\/2016\/11\/IMG_6392-768x576.jpg 768w\" sizes=\"auto, (max-width: 640px) 100vw, 640px\" \/><figcaption id=\"caption-attachment-252\" class=\"wp-caption-text\">Eichenwaschtisch mit Glasablage und Spiegelschr\u00e4nken<\/figcaption><\/figure>\n<figure id=\"attachment_253\" aria-describedby=\"caption-attachment-253\" style=\"width: 640px\" class=\"wp-caption aligncenter\"><a href=\"http:\/\/www.kramer-tischlerei.de\/wp-content\/uploads\/2016\/11\/IMG_6867.jpg\"><img loading=\"lazy\" decoding=\"async\" class=\"wp-image-253 size-large\" src=\"http:\/\/www.kramer-tischlerei.de\/wp-content\/uploads\/2016\/11\/IMG_6867-1024x768.jpg\" alt=\"img_6867\" width=\"640\" height=\"480\" srcset=\"https:\/\/www.kramer-tischlerei.de\/wp-content\/uploads\/2016\/11\/IMG_6867-1024x768.jpg 1024w, https:\/\/www.kramer-tischlerei.de\/wp-content\/uploads\/2016\/11\/IMG_6867-300x225.jpg 300w, https:\/\/www.kramer-tischlerei.de\/wp-content\/uploads\/2016\/11\/IMG_6867-768x576.jpg 768w\" sizes=\"auto, (max-width: 640px) 100vw, 640px\" \/><\/a><figcaption id=\"caption-attachment-253\" class=\"wp-caption-text\">Eichenvollholz Waschtisch<\/figcaption><\/figure>\n<figure id=\"attachment_643\" aria-describedby=\"caption-attachment-643\" style=\"width: 1000px\" class=\"wp-caption aligncenter\"><a href=\"http:\/\/www.kramer-tischlerei.de\/wp-content\/uploads\/2016\/11\/Waschtisch.jpg\"><img loading=\"lazy\" decoding=\"async\" class=\"wp-image-643 size-full\" src=\"http:\/\/www.kramer-tischlerei.de\/wp-content\/uploads\/2016\/11\/Waschtisch.jpg\" alt=\"\" width=\"1000\" height=\"750\" srcset=\"https:\/\/www.kramer-tischlerei.de\/wp-content\/uploads\/2016\/11\/Waschtisch.jpg 1000w, https:\/\/www.kramer-tischlerei.de\/wp-content\/uploads\/2016\/11\/Waschtisch-300x225.jpg 300w, https:\/\/www.kramer-tischlerei.de\/wp-content\/uploads\/2016\/11\/Waschtisch-768x576.jpg 768w\" sizes=\"auto, (max-width: 1000px) 100vw, 1000px\" \/><\/a><figcaption id=\"caption-attachment-643\" class=\"wp-caption-text\">Eichenvollholz Waschtisch mit Schubk\u00e4sten und aufgesetzten Waschbecken<\/figcaption><\/figure>\n<figure id=\"attachment_562\" aria-describedby=\"caption-attachment-562\" style=\"width: 474px\" class=\"wp-caption alignnone\"><a href=\"http:\/\/www.kramer-tischlerei.de\/wp-content\/uploads\/2016\/11\/Waschtisch_Lack_Satinatoglasablage_2.jpg\"><img loading=\"lazy\" decoding=\"async\" class=\"wp-image-562 size-large\" src=\"http:\/\/www.kramer-tischlerei.de\/wp-content\/uploads\/2016\/11\/Waschtisch_Lack_Satinatoglasablage_2-768x1024.jpg\" alt=\"\" width=\"474\" height=\"632\" srcset=\"https:\/\/www.kramer-tischlerei.de\/wp-content\/uploads\/2016\/11\/Waschtisch_Lack_Satinatoglasablage_2-768x1024.jpg 768w, https:\/\/www.kramer-tischlerei.de\/wp-content\/uploads\/2016\/11\/Waschtisch_Lack_Satinatoglasablage_2-225x300.jpg 225w, https:\/\/www.kramer-tischlerei.de\/wp-content\/uploads\/2016\/11\/Waschtisch_Lack_Satinatoglasablage_2.jpg 1512w\" sizes=\"auto, (max-width: 474px) 100vw, 474px\" \/><\/a><figcaption id=\"caption-attachment-562\" class=\"wp-caption-text\">Sch\u00f6ner mattlackierter Waschtisch mit einer Satinierten Glasplatte als Ablage<\/figcaption><\/figure>\n<figure id=\"attachment_408\" aria-describedby=\"caption-attachment-408\" style=\"width: 474px\" class=\"wp-caption aligncenter\"><a href=\"http:\/\/www.kramer-tischlerei.de\/wp-content\/uploads\/2016\/11\/IMG_8687.jpg\"><img loading=\"lazy\" decoding=\"async\" class=\"wp-image-408 size-large\" src=\"http:\/\/www.kramer-tischlerei.de\/wp-content\/uploads\/2016\/11\/IMG_8687-1024x768.jpg\" alt=\"\" width=\"474\" height=\"356\" srcset=\"https:\/\/www.kramer-tischlerei.de\/wp-content\/uploads\/2016\/11\/IMG_8687-1024x768.jpg 1024w, https:\/\/www.kramer-tischlerei.de\/wp-content\/uploads\/2016\/11\/IMG_8687-300x225.jpg 300w, https:\/\/www.kramer-tischlerei.de\/wp-content\/uploads\/2016\/11\/IMG_8687-768x576.jpg 768w\" sizes=\"auto, (max-width: 474px) 100vw, 474px\" \/><\/a><figcaption id=\"caption-attachment-408\" class=\"wp-caption-text\">Alte Eiche transparent ge\u00f6lt, die Inhaltsstoffe machen den Farbton so dunkel<\/figcaption><\/figure>\n<figure id=\"attachment_516\" aria-describedby=\"caption-attachment-516\" style=\"width: 474px\" class=\"wp-caption aligncenter\"><a href=\"http:\/\/www.kramer-tischlerei.de\/wp-content\/uploads\/2016\/11\/image-3.jpeg\"><img loading=\"lazy\" decoding=\"async\" class=\"wp-image-516 size-large\" src=\"http:\/\/www.kramer-tischlerei.de\/wp-content\/uploads\/2016\/11\/image-3-1024x768.jpeg\" alt=\"\" width=\"474\" height=\"356\" srcset=\"https:\/\/www.kramer-tischlerei.de\/wp-content\/uploads\/2016\/11\/image-3-1024x768.jpeg 1024w, https:\/\/www.kramer-tischlerei.de\/wp-content\/uploads\/2016\/11\/image-3-300x225.jpeg 300w, https:\/\/www.kramer-tischlerei.de\/wp-content\/uploads\/2016\/11\/image-3-768x576.jpeg 768w, https:\/\/www.kramer-tischlerei.de\/wp-content\/uploads\/2016\/11\/image-3.jpeg 2048w\" sizes=\"auto, (max-width: 474px) 100vw, 474px\" \/><\/a><figcaption id=\"caption-attachment-516\" class=\"wp-caption-text\">Eichen Vollholz Waschtisch farblich an die Fliesen angepasst, seidenmatt lackiert<\/figcaption><\/figure>\n<figure id=\"attachment_258\" aria-describedby=\"caption-attachment-258\" style=\"width: 640px\" class=\"wp-caption aligncenter\"><a href=\"http:\/\/www.kramer-tischlerei.de\/wp-content\/uploads\/2016\/11\/IMG_6866_1.jpg\"><img loading=\"lazy\" decoding=\"async\" class=\"wp-image-258 size-large\" src=\"http:\/\/www.kramer-tischlerei.de\/wp-content\/uploads\/2016\/11\/IMG_6866_1-768x1024.jpg\" alt=\"img_6866_1\" width=\"640\" height=\"853\" srcset=\"https:\/\/www.kramer-tischlerei.de\/wp-content\/uploads\/2016\/11\/IMG_6866_1-768x1024.jpg 768w, https:\/\/www.kramer-tischlerei.de\/wp-content\/uploads\/2016\/11\/IMG_6866_1-225x300.jpg 225w, https:\/\/www.kramer-tischlerei.de\/wp-content\/uploads\/2016\/11\/IMG_6866_1.jpg 1469w\" sizes=\"auto, (max-width: 640px) 100vw, 640px\" \/><\/a><figcaption id=\"caption-attachment-258\" class=\"wp-caption-text\">Handtuchregal<\/figcaption><\/figure>\n<figure id=\"attachment_515\" aria-describedby=\"caption-attachment-515\" style=\"width: 474px\" class=\"wp-caption aligncenter\"><a href=\"http:\/\/www.kramer-tischlerei.de\/wp-content\/uploads\/2016\/11\/image-2.jpeg\"><img loading=\"lazy\" decoding=\"async\" class=\"wp-image-515 size-large\" src=\"http:\/\/www.kramer-tischlerei.de\/wp-content\/uploads\/2016\/11\/image-2-1024x768.jpeg\" alt=\"\" width=\"474\" height=\"356\" srcset=\"https:\/\/www.kramer-tischlerei.de\/wp-content\/uploads\/2016\/11\/image-2-1024x768.jpeg 1024w, https:\/\/www.kramer-tischlerei.de\/wp-content\/uploads\/2016\/11\/image-2-300x225.jpeg 300w, https:\/\/www.kramer-tischlerei.de\/wp-content\/uploads\/2016\/11\/image-2-768x576.jpeg 768w, https:\/\/www.kramer-tischlerei.de\/wp-content\/uploads\/2016\/11\/image-2.jpeg 2048w\" sizes=\"auto, (max-width: 474px) 100vw, 474px\" \/><\/a><figcaption id=\"caption-attachment-515\" class=\"wp-caption-text\">Badewannenverkleidung aus einer Acrylhochglanzplatte samt Lowboard mit Schubk\u00e4sten<\/figcaption><\/figure>\n<figure id=\"attachment_15\" aria-describedby=\"caption-attachment-15\" style=\"width: 640px\" class=\"wp-caption aligncenter\"><a href=\"http:\/\/www.kramer-tischlerei.de\/wp-content\/uploads\/2014\/01\/IMG_3178.jpg\"><img loading=\"lazy\" decoding=\"async\" class=\"size-large wp-image-15\" src=\"http:\/\/www.kramer-tischlerei.de\/wp-content\/uploads\/2014\/01\/IMG_3178-1024x768.jpg\" alt=\"2 Schubk\u00e4sten mit einer Hochglanzfront\" width=\"640\" height=\"480\" srcset=\"https:\/\/www.kramer-tischlerei.de\/wp-content\/uploads\/2014\/01\/IMG_3178-1024x768.jpg 1024w, https:\/\/www.kramer-tischlerei.de\/wp-content\/uploads\/2014\/01\/IMG_3178-300x225.jpg 300w\" sizes=\"auto, (max-width: 640px) 100vw, 640px\" \/><\/a><figcaption id=\"caption-attachment-15\" class=\"wp-caption-text\">2 Schubk\u00e4sten mit einer Hochglanzfront<\/figcaption><\/figure>\n<figure id=\"attachment_106\" aria-describedby=\"caption-attachment-106\" style=\"width: 474px\" class=\"wp-caption aligncenter\"><a href=\"http:\/\/www.kramer-tischlerei.de\/wp-content\/uploads\/2014\/01\/24042009089.jpg\"><img loading=\"lazy\" decoding=\"async\" class=\"wp-image-106 size-large\" src=\"http:\/\/www.kramer-tischlerei.de\/wp-content\/uploads\/2014\/01\/24042009089-1024x768.jpg\" alt=\"Eichenvollholz waschtisch\" width=\"474\" height=\"356\" srcset=\"https:\/\/www.kramer-tischlerei.de\/wp-content\/uploads\/2014\/01\/24042009089-1024x768.jpg 1024w, https:\/\/www.kramer-tischlerei.de\/wp-content\/uploads\/2014\/01\/24042009089-300x225.jpg 300w\" sizes=\"auto, (max-width: 474px) 100vw, 474px\" \/><\/a><figcaption id=\"caption-attachment-106\" class=\"wp-caption-text\">Eichenvollholz Waschtisch in dunkel gebeizt + seidenmatt ablackiert<\/figcaption><\/figure>\n<figure id=\"attachment_250\" aria-describedby=\"caption-attachment-250\" style=\"width: 640px\" class=\"wp-caption aligncenter\"><a href=\"http:\/\/www.kramer-tischlerei.de\/wp-content\/uploads\/2016\/11\/IMG_6343.jpg\"><img loading=\"lazy\" decoding=\"async\" class=\"wp-image-250 size-large\" src=\"http:\/\/www.kramer-tischlerei.de\/wp-content\/uploads\/2016\/11\/IMG_6343-1024x768.jpg\" alt=\"img_6343\" width=\"640\" height=\"480\" srcset=\"https:\/\/www.kramer-tischlerei.de\/wp-content\/uploads\/2016\/11\/IMG_6343-1024x768.jpg 1024w, https:\/\/www.kramer-tischlerei.de\/wp-content\/uploads\/2016\/11\/IMG_6343-300x225.jpg 300w, https:\/\/www.kramer-tischlerei.de\/wp-content\/uploads\/2016\/11\/IMG_6343-768x576.jpg 768w\" sizes=\"auto, (max-width: 640px) 100vw, 640px\" \/><\/a><figcaption id=\"caption-attachment-250\" class=\"wp-caption-text\">wei\u00dfer Hochglanzwaschtisch mit Tip-On Schubk\u00e4sten und Glasplatte<\/figcaption><\/figure>\n<p><a href=\"http:\/\/www.kramer-tischlerei.de\/wp-content\/uploads\/2016\/11\/IMG_6343.jpg\">\u00a0<\/a><\/p>\n<figure id=\"attachment_110\" aria-describedby=\"caption-attachment-110\" style=\"width: 640px\" class=\"wp-caption aligncenter\"><a href=\"http:\/\/www.kramer-tischlerei.de\/wp-content\/uploads\/2014\/01\/IMG_0419.jpg\"><img loading=\"lazy\" decoding=\"async\" class=\"size-large wp-image-110\" src=\"http:\/\/www.kramer-tischlerei.de\/wp-content\/uploads\/2014\/01\/IMG_0419-1024x764.jpg\" alt=\"Handtuchregal\" width=\"640\" height=\"478\" srcset=\"https:\/\/www.kramer-tischlerei.de\/wp-content\/uploads\/2014\/01\/IMG_0419-1024x764.jpg 1024w, https:\/\/www.kramer-tischlerei.de\/wp-content\/uploads\/2014\/01\/IMG_0419-300x224.jpg 300w\" sizes=\"auto, (max-width: 640px) 100vw, 640px\" \/><\/a><figcaption id=\"caption-attachment-110\" class=\"wp-caption-text\">Handtuchregal<\/figcaption><\/figure>\n<p style=\"text-align: center;\"><a href=\"http:\/\/www.kramer-tischlerei.de\/wp-content\/uploads\/2014\/02\/image1.jpg\"><img loading=\"lazy\" decoding=\"async\" class=\"aligncenter size-large wp-image-136\" src=\"http:\/\/www.kramer-tischlerei.de\/wp-content\/uploads\/2014\/02\/image1-768x1024.jpg\" alt=\"Badschrank\" width=\"640\" height=\"853\" srcset=\"https:\/\/www.kramer-tischlerei.de\/wp-content\/uploads\/2014\/02\/image1-768x1024.jpg 768w, https:\/\/www.kramer-tischlerei.de\/wp-content\/uploads\/2014\/02\/image1-225x300.jpg 225w, https:\/\/www.kramer-tischlerei.de\/wp-content\/uploads\/2014\/02\/image1.jpg 1536w\" sizes=\"auto, (max-width: 640px) 100vw, 640px\" \/><\/a><\/p>\n<figure id=\"attachment_254\" aria-describedby=\"caption-attachment-254\" style=\"width: 640px\" class=\"wp-caption aligncenter\"><a href=\"http:\/\/www.kramer-tischlerei.de\/wp-content\/uploads\/2016\/11\/IMG_7153-1.jpg\"><img loading=\"lazy\" decoding=\"async\" class=\"wp-image-254 size-large\" src=\"http:\/\/www.kramer-tischlerei.de\/wp-content\/uploads\/2016\/11\/IMG_7153-1-1024x768.jpg\" alt=\"img_7153\" width=\"640\" height=\"480\" srcset=\"https:\/\/www.kramer-tischlerei.de\/wp-content\/uploads\/2016\/11\/IMG_7153-1-1024x768.jpg 1024w, https:\/\/www.kramer-tischlerei.de\/wp-content\/uploads\/2016\/11\/IMG_7153-1-300x225.jpg 300w, https:\/\/www.kramer-tischlerei.de\/wp-content\/uploads\/2016\/11\/IMG_7153-1-768x576.jpg 768w\" sizes=\"auto, (max-width: 640px) 100vw, 640px\" \/><\/a><figcaption id=\"caption-attachment-254\" class=\"wp-caption-text\">Ablagen mit &#8222;Waldkante&#8220;<\/figcaption><\/figure>\n<figure id=\"attachment_188\" aria-describedby=\"caption-attachment-188\" style=\"width: 490px\" class=\"wp-caption aligncenter\"><a href=\"http:\/\/www.kramer-tischlerei.de\/wp-content\/uploads\/2014\/01\/IMG_4051.jpg\"><img loading=\"lazy\" decoding=\"async\" class=\"size-full wp-image-188\" src=\"http:\/\/www.kramer-tischlerei.de\/wp-content\/uploads\/2014\/01\/IMG_4051.jpg\" alt=\"Badezimmerschrank in hochgl\u00e4nzend\" width=\"490\" height=\"653\" srcset=\"https:\/\/www.kramer-tischlerei.de\/wp-content\/uploads\/2014\/01\/IMG_4051.jpg 490w, https:\/\/www.kramer-tischlerei.de\/wp-content\/uploads\/2014\/01\/IMG_4051-225x300.jpg 225w\" sizes=\"auto, (max-width: 490px) 100vw, 490px\" \/><\/a><figcaption id=\"caption-attachment-188\" class=\"wp-caption-text\">Badezimmerschrank in hochgl\u00e4nzend<\/figcaption><\/figure>\n<figure id=\"attachment_324\" aria-describedby=\"caption-attachment-324\" style=\"width: 640px\" class=\"wp-caption aligncenter\"><a href=\"http:\/\/www.kramer-tischlerei.de\/wp-content\/uploads\/2016\/11\/IMG_5789.jpg\"><img loading=\"lazy\" decoding=\"async\" class=\"wp-image-324 size-large\" src=\"http:\/\/www.kramer-tischlerei.de\/wp-content\/uploads\/2016\/11\/IMG_5789-768x1024.jpg\" alt=\"img_5789\" width=\"640\" height=\"853\" srcset=\"https:\/\/www.kramer-tischlerei.de\/wp-content\/uploads\/2016\/11\/IMG_5789-768x1024.jpg 768w, https:\/\/www.kramer-tischlerei.de\/wp-content\/uploads\/2016\/11\/IMG_5789-225x300.jpg 225w, https:\/\/www.kramer-tischlerei.de\/wp-content\/uploads\/2016\/11\/IMG_5789.jpg 1469w\" sizes=\"auto, (max-width: 640px) 100vw, 640px\" \/><\/a><figcaption id=\"caption-attachment-324\" class=\"wp-caption-text\">Balkenverkleidung mit aufgesteckten Glaseinlegeb\u00f6den. Glasb\u00f6den werden von hinten mit LED beleuchtet<\/figcaption><\/figure>\n<figure id=\"attachment_492\" aria-describedby=\"caption-attachment-492\" style=\"width: 474px\" class=\"wp-caption aligncenter\"><a href=\"http:\/\/www.kramer-tischlerei.de\/wp-content\/uploads\/2016\/11\/IMG_9046.jpg\"><img loading=\"lazy\" decoding=\"async\" class=\"size-large wp-image-492\" src=\"http:\/\/www.kramer-tischlerei.de\/wp-content\/uploads\/2016\/11\/IMG_9046-768x1024.jpg\" alt=\"\" width=\"474\" height=\"632\" srcset=\"https:\/\/www.kramer-tischlerei.de\/wp-content\/uploads\/2016\/11\/IMG_9046-768x1024.jpg 768w, https:\/\/www.kramer-tischlerei.de\/wp-content\/uploads\/2016\/11\/IMG_9046-225x300.jpg 225w\" sizes=\"auto, (max-width: 474px) 100vw, 474px\" \/><\/a><figcaption id=\"caption-attachment-492\" class=\"wp-caption-text\">Einbauschrank in die Rechte Nische eingepasst. An den vorhandenen Waschtisch und Spiegel angepasst<\/figcaption><\/figure>","protected":false},"excerpt":{"rendered":"<p>\u00a0 \u00a0<\/p>\n","protected":false},"author":1,"featured_media":0,"parent":2,"menu_order":0,"comment_status":"closed","ping_status":"closed","template":"page-templates\/full-width.php","meta":{"ngg_post_thumbnail":0,"footnotes":""},"class_list":["post-211","page","type-page","status-publish","hentry"],"_links":{"self":[{"href":"https:\/\/www.kramer-tischlerei.de\/index.php?rest_route=\/wp\/v2\/pages\/211","targetHints":{"allow":["GET"]}}],"collection":[{"href":"https:\/\/www.kramer-tischlerei.de\/index.php?rest_route=\/wp\/v2\/pages"}],"about":[{"href":"https:\/\/www.kramer-tischlerei.de\/index.php?rest_route=\/wp\/v2\/types\/page"}],"author":[{"embeddable":true,"href":"https:\/\/www.kramer-tischlerei.de\/index.php?rest_route=\/wp\/v2\/users\/1"}],"replies":[{"embeddable":true,"href":"https:\/\/www.kramer-tischlerei.de\/index.php?rest_route=%2Fwp%2Fv2%2Fcomments&post=211"}],"version-history":[{"count":22,"href":"https:\/\/www.kramer-tischlerei.de\/index.php?rest_route=\/wp\/v2\/pages\/211\/revisions"}],"predecessor-version":[{"id":1235,"href":"https:\/\/www.kramer-tischlerei.de\/index.php?rest_route=\/wp\/v2\/pages\/211\/revisions\/1235"}],"up":[{"embeddable":true,"href":"https:\/\/www.kramer-tischlerei.de\/index.php?rest_route=\/wp\/v2\/pages\/2"}],"wp:attachment":[{"href":"https:\/\/www.kramer-tischlerei.de\/index.php?rest_route=%2Fwp%2Fv2%2Fmedia&parent=211"}],"curies":[{"name":"wp","href":"https:\/\/api.w.org\/{rel}","templated":true}]}}