{"id":203,"date":"2016-11-27T11:45:46","date_gmt":"2016-11-27T09:45:46","guid":{"rendered":"http:\/\/www.kramer-tischlerei.de\/?page_id=203"},"modified":"2024-10-07T11:17:22","modified_gmt":"2024-10-07T09:17:22","slug":"sideboard","status":"publish","type":"page","link":"https:\/\/www.kramer-tischlerei.de\/?page_id=203","title":{"rendered":"Sideboard"},"content":{"rendered":"<div class=\"wp-block-image\">\n<figure class=\"aligncenter size-large\"><a href=\"https:\/\/www.kramer-tischlerei.de\/wp-content\/uploads\/2024\/10\/IMG-20241007-WA0048.jpg\"><img loading=\"lazy\" decoding=\"async\" width=\"1024\" height=\"768\" src=\"https:\/\/www.kramer-tischlerei.de\/wp-content\/uploads\/2024\/10\/IMG-20241007-WA0048-1024x768.jpg\" alt=\"\" class=\"wp-image-994\" srcset=\"https:\/\/www.kramer-tischlerei.de\/wp-content\/uploads\/2024\/10\/IMG-20241007-WA0048-1024x768.jpg 1024w, https:\/\/www.kramer-tischlerei.de\/wp-content\/uploads\/2024\/10\/IMG-20241007-WA0048-300x225.jpg 300w, https:\/\/www.kramer-tischlerei.de\/wp-content\/uploads\/2024\/10\/IMG-20241007-WA0048-768x576.jpg 768w, https:\/\/www.kramer-tischlerei.de\/wp-content\/uploads\/2024\/10\/IMG-20241007-WA0048-1536x1152.jpg 1536w, https:\/\/www.kramer-tischlerei.de\/wp-content\/uploads\/2024\/10\/IMG-20241007-WA0048.jpg 1600w\" sizes=\"auto, (max-width: 1024px) 100vw, 1024px\" \/><\/a><\/figure>\n<\/div>\n\n<div class=\"wp-block-image\">\n<figure class=\"aligncenter size-large\"><a href=\"https:\/\/www.kramer-tischlerei.de\/wp-content\/uploads\/2024\/10\/IMG-20241007-WA0044-1.jpg\"><img loading=\"lazy\" decoding=\"async\" width=\"1024\" height=\"412\" src=\"https:\/\/www.kramer-tischlerei.de\/wp-content\/uploads\/2024\/10\/IMG-20241007-WA0044-1-1024x412.jpg\" alt=\"\" class=\"wp-image-997\" srcset=\"https:\/\/www.kramer-tischlerei.de\/wp-content\/uploads\/2024\/10\/IMG-20241007-WA0044-1-1024x412.jpg 1024w, https:\/\/www.kramer-tischlerei.de\/wp-content\/uploads\/2024\/10\/IMG-20241007-WA0044-1-300x121.jpg 300w, https:\/\/www.kramer-tischlerei.de\/wp-content\/uploads\/2024\/10\/IMG-20241007-WA0044-1-768x309.jpg 768w, https:\/\/www.kramer-tischlerei.de\/wp-content\/uploads\/2024\/10\/IMG-20241007-WA0044-1.jpg 1494w\" sizes=\"auto, (max-width: 1024px) 100vw, 1024px\" \/><\/a><\/figure>\n<\/div>\n\n<figure id=\"attachment_411\" aria-describedby=\"caption-attachment-411\" style=\"width: 474px\" class=\"wp-caption aligncenter\"><a href=\"http:\/\/www.kramer-tischlerei.de\/wp-content\/uploads\/2016\/11\/IMG_8470.jpg\"><img loading=\"lazy\" decoding=\"async\" class=\"wp-image-411 size-large\" src=\"http:\/\/www.kramer-tischlerei.de\/wp-content\/uploads\/2016\/11\/IMG_8470-1024x768.jpg\" alt=\"\" width=\"474\" height=\"356\" srcset=\"https:\/\/www.kramer-tischlerei.de\/wp-content\/uploads\/2016\/11\/IMG_8470-1024x768.jpg 1024w, https:\/\/www.kramer-tischlerei.de\/wp-content\/uploads\/2016\/11\/IMG_8470-300x225.jpg 300w, https:\/\/www.kramer-tischlerei.de\/wp-content\/uploads\/2016\/11\/IMG_8470-768x576.jpg 768w\" sizes=\"auto, (max-width: 474px) 100vw, 474px\" \/><\/a><figcaption id=\"caption-attachment-411\" class=\"wp-caption-text\">Sideboard mit Glasfronten; Alter Eichenablage naturge\u00f6lt und integrierten Ventilatoren zur Bel\u00fcftung<\/figcaption><\/figure>\n<p><a href=\"http:\/\/www.kramer-tischlerei.de\/wp-content\/uploads\/2016\/11\/68.jpg\"><img loading=\"lazy\" decoding=\"async\" class=\"aligncenter size-large wp-image-695\" src=\"http:\/\/www.kramer-tischlerei.de\/wp-content\/uploads\/2016\/11\/68-1024x768.jpg\" alt=\"\" width=\"474\" height=\"356\" srcset=\"https:\/\/www.kramer-tischlerei.de\/wp-content\/uploads\/2016\/11\/68-1024x768.jpg 1024w, https:\/\/www.kramer-tischlerei.de\/wp-content\/uploads\/2016\/11\/68-300x225.jpg 300w, https:\/\/www.kramer-tischlerei.de\/wp-content\/uploads\/2016\/11\/68-768x576.jpg 768w, https:\/\/www.kramer-tischlerei.de\/wp-content\/uploads\/2016\/11\/68.jpg 1600w\" sizes=\"auto, (max-width: 474px) 100vw, 474px\" \/><\/a><\/p>\n<p><a href=\"http:\/\/www.kramer-tischlerei.de\/wp-content\/uploads\/2016\/11\/IMG_9218.jpg\"><img loading=\"lazy\" decoding=\"async\" class=\"aligncenter size-large wp-image-459\" src=\"http:\/\/www.kramer-tischlerei.de\/wp-content\/uploads\/2016\/11\/IMG_9218-1024x768.jpg\" alt=\"\" width=\"474\" height=\"356\" srcset=\"https:\/\/www.kramer-tischlerei.de\/wp-content\/uploads\/2016\/11\/IMG_9218-1024x768.jpg 1024w, https:\/\/www.kramer-tischlerei.de\/wp-content\/uploads\/2016\/11\/IMG_9218-300x225.jpg 300w, https:\/\/www.kramer-tischlerei.de\/wp-content\/uploads\/2016\/11\/IMG_9218-768x576.jpg 768w\" sizes=\"auto, (max-width: 474px) 100vw, 474px\" \/><\/a><a href=\"http:\/\/www.kramer-tischlerei.de\/wp-content\/uploads\/2016\/11\/105.jpg\"><img loading=\"lazy\" decoding=\"async\" class=\"aligncenter size-large wp-image-751\" src=\"http:\/\/www.kramer-tischlerei.de\/wp-content\/uploads\/2016\/11\/105-1024x768.jpg\" alt=\"\" width=\"474\" height=\"356\" srcset=\"https:\/\/www.kramer-tischlerei.de\/wp-content\/uploads\/2016\/11\/105-1024x768.jpg 1024w, https:\/\/www.kramer-tischlerei.de\/wp-content\/uploads\/2016\/11\/105-300x225.jpg 300w, https:\/\/www.kramer-tischlerei.de\/wp-content\/uploads\/2016\/11\/105-768x576.jpg 768w, https:\/\/www.kramer-tischlerei.de\/wp-content\/uploads\/2016\/11\/105.jpg 1600w\" sizes=\"auto, (max-width: 474px) 100vw, 474px\" \/><\/a><a href=\"http:\/\/www.kramer-tischlerei.de\/wp-content\/uploads\/2016\/11\/IMG_9218.jpg\"><\/a><a href=\"http:\/\/www.kramer-tischlerei.de\/wp-content\/uploads\/2016\/11\/100-1.jpg\"><img loading=\"lazy\" decoding=\"async\" class=\"aligncenter size-large wp-image-696\" src=\"http:\/\/www.kramer-tischlerei.de\/wp-content\/uploads\/2016\/11\/100-1-1024x768.jpg\" alt=\"\" width=\"474\" height=\"356\" srcset=\"https:\/\/www.kramer-tischlerei.de\/wp-content\/uploads\/2016\/11\/100-1.jpg 1024w, https:\/\/www.kramer-tischlerei.de\/wp-content\/uploads\/2016\/11\/100-1-300x225.jpg 300w, https:\/\/www.kramer-tischlerei.de\/wp-content\/uploads\/2016\/11\/100-1-768x576.jpg 768w\" sizes=\"auto, (max-width: 474px) 100vw, 474px\" \/><\/a><a href=\"http:\/\/www.kramer-tischlerei.de\/wp-content\/uploads\/2016\/11\/99.jpg\"><img loading=\"lazy\" decoding=\"async\" class=\"aligncenter size-large wp-image-697\" src=\"http:\/\/www.kramer-tischlerei.de\/wp-content\/uploads\/2016\/11\/99-1024x768.jpg\" alt=\"\" width=\"474\" height=\"356\" srcset=\"https:\/\/www.kramer-tischlerei.de\/wp-content\/uploads\/2016\/11\/99.jpg 1024w, https:\/\/www.kramer-tischlerei.de\/wp-content\/uploads\/2016\/11\/99-300x225.jpg 300w, https:\/\/www.kramer-tischlerei.de\/wp-content\/uploads\/2016\/11\/99-768x576.jpg 768w\" sizes=\"auto, (max-width: 474px) 100vw, 474px\" \/><\/a><a href=\"http:\/\/www.kramer-tischlerei.de\/wp-content\/uploads\/2016\/11\/IMG_9218.jpg\"><br \/>\n<\/a><\/p>\n<p><a href=\"http:\/\/www.kramer-tischlerei.de\/wp-content\/uploads\/2016\/11\/Sideboard_Stofffront.jpg\"><img loading=\"lazy\" decoding=\"async\" class=\"aligncenter size-large wp-image-582\" src=\"http:\/\/www.kramer-tischlerei.de\/wp-content\/uploads\/2016\/11\/Sideboard_Stofffront-1024x768.jpg\" alt=\"\" width=\"474\" height=\"356\" srcset=\"https:\/\/www.kramer-tischlerei.de\/wp-content\/uploads\/2016\/11\/Sideboard_Stofffront-1024x768.jpg 1024w, https:\/\/www.kramer-tischlerei.de\/wp-content\/uploads\/2016\/11\/Sideboard_Stofffront-300x225.jpg 300w, https:\/\/www.kramer-tischlerei.de\/wp-content\/uploads\/2016\/11\/Sideboard_Stofffront-768x576.jpg 768w, https:\/\/www.kramer-tischlerei.de\/wp-content\/uploads\/2016\/11\/Sideboard_Stofffront.jpg 2016w\" sizes=\"auto, (max-width: 474px) 100vw, 474px\" \/><br \/>\n<\/a><a href=\"http:\/\/www.kramer-tischlerei.de\/wp-content\/uploads\/2016\/11\/Sideboard_Highboard.jpg\"><img loading=\"lazy\" decoding=\"async\" class=\"aligncenter size-large wp-image-586\" src=\"http:\/\/www.kramer-tischlerei.de\/wp-content\/uploads\/2016\/11\/Sideboard_Highboard-1024x768.jpg\" alt=\"\" width=\"474\" height=\"356\" srcset=\"https:\/\/www.kramer-tischlerei.de\/wp-content\/uploads\/2016\/11\/Sideboard_Highboard-1024x768.jpg 1024w, https:\/\/www.kramer-tischlerei.de\/wp-content\/uploads\/2016\/11\/Sideboard_Highboard-300x225.jpg 300w, https:\/\/www.kramer-tischlerei.de\/wp-content\/uploads\/2016\/11\/Sideboard_Highboard-768x576.jpg 768w, https:\/\/www.kramer-tischlerei.de\/wp-content\/uploads\/2016\/11\/Sideboard_Highboard.jpg 2016w\" sizes=\"auto, (max-width: 474px) 100vw, 474px\" \/><\/a><a href=\"http:\/\/www.kramer-tischlerei.de\/wp-content\/uploads\/2016\/11\/6.jpg\"><img loading=\"lazy\" decoding=\"async\" class=\"aligncenter size-large wp-image-698\" src=\"http:\/\/www.kramer-tischlerei.de\/wp-content\/uploads\/2016\/11\/6-1024x768.jpg\" alt=\"\" width=\"474\" height=\"356\" srcset=\"https:\/\/www.kramer-tischlerei.de\/wp-content\/uploads\/2016\/11\/6-1024x768.jpg 1024w, https:\/\/www.kramer-tischlerei.de\/wp-content\/uploads\/2016\/11\/6-300x225.jpg 300w, https:\/\/www.kramer-tischlerei.de\/wp-content\/uploads\/2016\/11\/6-768x576.jpg 768w, https:\/\/www.kramer-tischlerei.de\/wp-content\/uploads\/2016\/11\/6.jpg 1600w\" sizes=\"auto, (max-width: 474px) 100vw, 474px\" \/><\/a><\/p>\n<figure id=\"attachment_56\" aria-describedby=\"caption-attachment-56\" style=\"width: 640px\" class=\"wp-caption aligncenter\"><a href=\"http:\/\/www.kramer-tischlerei.de\/wp-content\/uploads\/2014\/01\/IMG_3756.jpg\"><img loading=\"lazy\" decoding=\"async\" class=\"size-large wp-image-56\" src=\"http:\/\/www.kramer-tischlerei.de\/wp-content\/uploads\/2014\/01\/IMG_3756-1024x768.jpg\" alt=\"Nussbaumsideboard mit Glasfronten\" width=\"640\" height=\"480\" srcset=\"https:\/\/www.kramer-tischlerei.de\/wp-content\/uploads\/2014\/01\/IMG_3756-1024x768.jpg 1024w, https:\/\/www.kramer-tischlerei.de\/wp-content\/uploads\/2014\/01\/IMG_3756-300x225.jpg 300w\" sizes=\"auto, (max-width: 640px) 100vw, 640px\" \/><\/a><figcaption id=\"caption-attachment-56\" class=\"wp-caption-text\">Nussbaumsideboard mit Glasfronten<\/figcaption><\/figure>\n<p><a href=\"http:\/\/www.kramer-tischlerei.de\/wp-content\/uploads\/2014\/01\/IMG_3457.jpg\"><img loading=\"lazy\" decoding=\"async\" class=\"aligncenter size-large wp-image-51\" src=\"http:\/\/www.kramer-tischlerei.de\/wp-content\/uploads\/2014\/01\/IMG_3457-1024x768.jpg\" alt=\"IMG_3457\" width=\"640\" height=\"480\" srcset=\"https:\/\/www.kramer-tischlerei.de\/wp-content\/uploads\/2014\/01\/IMG_3457-1024x768.jpg 1024w, https:\/\/www.kramer-tischlerei.de\/wp-content\/uploads\/2014\/01\/IMG_3457-300x225.jpg 300w\" sizes=\"auto, (max-width: 640px) 100vw, 640px\" \/><\/a><\/p>\n<p>&nbsp;<\/p>\n<figure id=\"attachment_413\" aria-describedby=\"caption-attachment-413\" style=\"width: 474px\" class=\"wp-caption aligncenter\"><a href=\"http:\/\/www.kramer-tischlerei.de\/wp-content\/uploads\/2016\/11\/IMG_8436.jpg\"><img loading=\"lazy\" decoding=\"async\" class=\"size-large wp-image-413\" src=\"http:\/\/www.kramer-tischlerei.de\/wp-content\/uploads\/2016\/11\/IMG_8436-1024x768.jpg\" alt=\"\" width=\"474\" height=\"356\" srcset=\"https:\/\/www.kramer-tischlerei.de\/wp-content\/uploads\/2016\/11\/IMG_8436-1024x768.jpg 1024w, https:\/\/www.kramer-tischlerei.de\/wp-content\/uploads\/2016\/11\/IMG_8436-300x225.jpg 300w, https:\/\/www.kramer-tischlerei.de\/wp-content\/uploads\/2016\/11\/IMG_8436-768x576.jpg 768w\" sizes=\"auto, (max-width: 474px) 100vw, 474px\" \/><\/a><figcaption id=\"caption-attachment-413\" class=\"wp-caption-text\">Sideboard mit Glasfronten; ausziehbaren Tablarb\u00f6den; Eichenablage und Bel\u00fcftungssystem<\/figcaption><\/figure>\n<p>&nbsp;<\/p>\n<p>&nbsp;<\/p>\n<figure id=\"attachment_155\" aria-describedby=\"caption-attachment-155\" style=\"width: 640px\" class=\"wp-caption aligncenter\"><a href=\"http:\/\/www.kramer-tischlerei.de\/wp-content\/uploads\/2014\/01\/IMG_4570.jpg\"><img loading=\"lazy\" decoding=\"async\" class=\"size-large wp-image-155\" src=\"http:\/\/www.kramer-tischlerei.de\/wp-content\/uploads\/2014\/01\/IMG_4570-1024x768.jpg\" alt=\"Tablarboden f\u00fcr die Elektroger\u00e4te mit integrierter Bel\u00fcftung\" width=\"640\" height=\"480\" srcset=\"https:\/\/www.kramer-tischlerei.de\/wp-content\/uploads\/2014\/01\/IMG_4570-1024x768.jpg 1024w, https:\/\/www.kramer-tischlerei.de\/wp-content\/uploads\/2014\/01\/IMG_4570-300x225.jpg 300w, https:\/\/www.kramer-tischlerei.de\/wp-content\/uploads\/2014\/01\/IMG_4570.jpg 1632w\" sizes=\"auto, (max-width: 640px) 100vw, 640px\" \/><\/a><figcaption id=\"caption-attachment-155\" class=\"wp-caption-text\">Tablarboden f\u00fcr die Elektroger\u00e4te mit integrierter Bel\u00fcftung<\/figcaption><\/figure>\n<p>&nbsp;<\/p>\n<p>&nbsp;<\/p>\n<p><a href=\"http:\/\/www.kramer-tischlerei.de\/wp-content\/uploads\/2016\/11\/IMG_5721.jpg\"><img loading=\"lazy\" decoding=\"async\" class=\"aligncenter size-large wp-image-244\" src=\"http:\/\/www.kramer-tischlerei.de\/wp-content\/uploads\/2016\/11\/IMG_5721-1024x768.jpg\" alt=\"img_5721\" width=\"640\" height=\"480\" srcset=\"https:\/\/www.kramer-tischlerei.de\/wp-content\/uploads\/2016\/11\/IMG_5721-1024x768.jpg 1024w, https:\/\/www.kramer-tischlerei.de\/wp-content\/uploads\/2016\/11\/IMG_5721-300x225.jpg 300w, https:\/\/www.kramer-tischlerei.de\/wp-content\/uploads\/2016\/11\/IMG_5721-768x576.jpg 768w\" sizes=\"auto, (max-width: 640px) 100vw, 640px\" \/><\/a><\/p>\n<p>&nbsp;<\/p>\n<p><a href=\"http:\/\/www.kramer-tischlerei.de\/wp-content\/uploads\/2016\/11\/IMG_5723.jpg\"><img loading=\"lazy\" decoding=\"async\" class=\"aligncenter size-large wp-image-245\" src=\"http:\/\/www.kramer-tischlerei.de\/wp-content\/uploads\/2016\/11\/IMG_5723-1024x768.jpg\" alt=\"img_5723\" width=\"640\" height=\"480\" srcset=\"https:\/\/www.kramer-tischlerei.de\/wp-content\/uploads\/2016\/11\/IMG_5723-1024x768.jpg 1024w, https:\/\/www.kramer-tischlerei.de\/wp-content\/uploads\/2016\/11\/IMG_5723-300x225.jpg 300w, https:\/\/www.kramer-tischlerei.de\/wp-content\/uploads\/2016\/11\/IMG_5723-768x576.jpg 768w\" sizes=\"auto, (max-width: 640px) 100vw, 640px\" \/><\/a><\/p>\n<p><a href=\"http:\/\/www.kramer-tischlerei.de\/wp-content\/uploads\/2016\/11\/TV_Sideboard_Glasfront_mattsatiniert_bel\u00fcftet.jpg\"><img loading=\"lazy\" decoding=\"async\" class=\"aligncenter size-large wp-image-583\" src=\"http:\/\/www.kramer-tischlerei.de\/wp-content\/uploads\/2016\/11\/TV_Sideboard_Glasfront_mattsatiniert_bel\u00fcftet-1024x768.jpg\" alt=\"\" width=\"474\" height=\"356\" srcset=\"https:\/\/www.kramer-tischlerei.de\/wp-content\/uploads\/2016\/11\/TV_Sideboard_Glasfront_mattsatiniert_bel\u00fcftet-1024x768.jpg 1024w, https:\/\/www.kramer-tischlerei.de\/wp-content\/uploads\/2016\/11\/TV_Sideboard_Glasfront_mattsatiniert_bel\u00fcftet-300x225.jpg 300w, https:\/\/www.kramer-tischlerei.de\/wp-content\/uploads\/2016\/11\/TV_Sideboard_Glasfront_mattsatiniert_bel\u00fcftet-768x576.jpg 768w, https:\/\/www.kramer-tischlerei.de\/wp-content\/uploads\/2016\/11\/TV_Sideboard_Glasfront_mattsatiniert_bel\u00fcftet.jpg 2016w\" sizes=\"auto, (max-width: 474px) 100vw, 474px\" \/><\/a><\/p>\n<p><a href=\"http:\/\/www.kramer-tischlerei.de\/wp-content\/uploads\/2016\/11\/IMG_3944.jpg\"><img loading=\"lazy\" decoding=\"async\" class=\"aligncenter size-large wp-image-246\" src=\"http:\/\/www.kramer-tischlerei.de\/wp-content\/uploads\/2016\/11\/IMG_3944-1024x768.jpg\" alt=\"img_3944\" width=\"640\" height=\"480\" srcset=\"https:\/\/www.kramer-tischlerei.de\/wp-content\/uploads\/2016\/11\/IMG_3944-1024x768.jpg 1024w, https:\/\/www.kramer-tischlerei.de\/wp-content\/uploads\/2016\/11\/IMG_3944-300x225.jpg 300w, https:\/\/www.kramer-tischlerei.de\/wp-content\/uploads\/2016\/11\/IMG_3944-768x576.jpg 768w\" sizes=\"auto, (max-width: 640px) 100vw, 640px\" \/><\/a><\/p>\n<p><a href=\"http:\/\/www.kramer-tischlerei.de\/wp-content\/uploads\/2016\/11\/TV-Sideboard_Eiche-_rollbar.jpg\"><img loading=\"lazy\" decoding=\"async\" class=\"aligncenter size-large wp-image-584\" src=\"http:\/\/www.kramer-tischlerei.de\/wp-content\/uploads\/2016\/11\/TV-Sideboard_Eiche-_rollbar-1024x768.jpg\" alt=\"\" width=\"474\" height=\"356\" srcset=\"https:\/\/www.kramer-tischlerei.de\/wp-content\/uploads\/2016\/11\/TV-Sideboard_Eiche-_rollbar-1024x768.jpg 1024w, https:\/\/www.kramer-tischlerei.de\/wp-content\/uploads\/2016\/11\/TV-Sideboard_Eiche-_rollbar-300x225.jpg 300w, https:\/\/www.kramer-tischlerei.de\/wp-content\/uploads\/2016\/11\/TV-Sideboard_Eiche-_rollbar-768x576.jpg 768w, https:\/\/www.kramer-tischlerei.de\/wp-content\/uploads\/2016\/11\/TV-Sideboard_Eiche-_rollbar.jpg 2016w\" sizes=\"auto, (max-width: 474px) 100vw, 474px\" \/><\/a><\/p>\n<p><a href=\"http:\/\/www.kramer-tischlerei.de\/wp-content\/uploads\/2016\/11\/TV-Sideboard_Eckl\u00f6sung.jpg\"><img loading=\"lazy\" decoding=\"async\" class=\"aligncenter size-large wp-image-585\" src=\"http:\/\/www.kramer-tischlerei.de\/wp-content\/uploads\/2016\/11\/TV-Sideboard_Eckl\u00f6sung-768x1024.jpg\" alt=\"\" width=\"474\" height=\"632\" srcset=\"https:\/\/www.kramer-tischlerei.de\/wp-content\/uploads\/2016\/11\/TV-Sideboard_Eckl\u00f6sung-768x1024.jpg 768w, https:\/\/www.kramer-tischlerei.de\/wp-content\/uploads\/2016\/11\/TV-Sideboard_Eckl\u00f6sung-225x300.jpg 225w, https:\/\/www.kramer-tischlerei.de\/wp-content\/uploads\/2016\/11\/TV-Sideboard_Eckl\u00f6sung.jpg 1512w\" sizes=\"auto, (max-width: 474px) 100vw, 474px\" \/><\/a><\/p>\n<p>&nbsp;<\/p>\n<p><a href=\"http:\/\/www.kramer-tischlerei.de\/wp-content\/uploads\/2016\/11\/IMG_6229.jpg\"><img loading=\"lazy\" decoding=\"async\" class=\"aligncenter size-large wp-image-247\" src=\"http:\/\/www.kramer-tischlerei.de\/wp-content\/uploads\/2016\/11\/IMG_6229-1024x768.jpg\" alt=\"img_6229\" width=\"640\" height=\"480\" srcset=\"https:\/\/www.kramer-tischlerei.de\/wp-content\/uploads\/2016\/11\/IMG_6229-1024x768.jpg 1024w, https:\/\/www.kramer-tischlerei.de\/wp-content\/uploads\/2016\/11\/IMG_6229-300x225.jpg 300w, https:\/\/www.kramer-tischlerei.de\/wp-content\/uploads\/2016\/11\/IMG_6229-768x576.jpg 768w\" sizes=\"auto, (max-width: 640px) 100vw, 640px\" \/><\/a><\/p>\n<p>&nbsp;<\/p>\n<p><a href=\"http:\/\/www.kramer-tischlerei.de\/wp-content\/uploads\/2016\/11\/IMG_6230.jpg\"><img loading=\"lazy\" decoding=\"async\" class=\"aligncenter size-large wp-image-248\" src=\"http:\/\/www.kramer-tischlerei.de\/wp-content\/uploads\/2016\/11\/IMG_6230-1024x768.jpg\" alt=\"img_6230\" width=\"640\" height=\"480\" srcset=\"https:\/\/www.kramer-tischlerei.de\/wp-content\/uploads\/2016\/11\/IMG_6230-1024x768.jpg 1024w, https:\/\/www.kramer-tischlerei.de\/wp-content\/uploads\/2016\/11\/IMG_6230-300x225.jpg 300w, https:\/\/www.kramer-tischlerei.de\/wp-content\/uploads\/2016\/11\/IMG_6230-768x576.jpg 768w\" sizes=\"auto, (max-width: 640px) 100vw, 640px\" \/><\/a><a href=\"http:\/\/www.kramer-tischlerei.de\/wp-content\/uploads\/2016\/11\/IMG_7915.jpg\">\u00a0<\/a><\/p>\n<p>&nbsp;<\/p>\n<p><a href=\"http:\/\/www.kramer-tischlerei.de\/wp-content\/uploads\/2016\/11\/image.jpeg\"><img loading=\"lazy\" decoding=\"async\" class=\"aligncenter size-large wp-image-354\" src=\"http:\/\/www.kramer-tischlerei.de\/wp-content\/uploads\/2016\/11\/image-1024x768.jpeg\" alt=\"image\" width=\"640\" height=\"480\" srcset=\"https:\/\/www.kramer-tischlerei.de\/wp-content\/uploads\/2016\/11\/image-1024x768.jpeg 1024w, https:\/\/www.kramer-tischlerei.de\/wp-content\/uploads\/2016\/11\/image-300x225.jpeg 300w, https:\/\/www.kramer-tischlerei.de\/wp-content\/uploads\/2016\/11\/image-768x576.jpeg 768w, https:\/\/www.kramer-tischlerei.de\/wp-content\/uploads\/2016\/11\/image.jpeg 2048w\" sizes=\"auto, (max-width: 640px) 100vw, 640px\" \/><\/a><\/p>\n<p><a href=\"http:\/\/www.kramer-tischlerei.de\/wp-content\/uploads\/2016\/11\/Sideboard_Hochglanz.jpg\"><img loading=\"lazy\" decoding=\"async\" class=\"aligncenter size-large wp-image-587\" src=\"http:\/\/www.kramer-tischlerei.de\/wp-content\/uploads\/2016\/11\/Sideboard_Hochglanz-1024x768.jpg\" alt=\"\" width=\"474\" height=\"356\" srcset=\"https:\/\/www.kramer-tischlerei.de\/wp-content\/uploads\/2016\/11\/Sideboard_Hochglanz-1024x768.jpg 1024w, https:\/\/www.kramer-tischlerei.de\/wp-content\/uploads\/2016\/11\/Sideboard_Hochglanz-300x225.jpg 300w, https:\/\/www.kramer-tischlerei.de\/wp-content\/uploads\/2016\/11\/Sideboard_Hochglanz-768x576.jpg 768w, https:\/\/www.kramer-tischlerei.de\/wp-content\/uploads\/2016\/11\/Sideboard_Hochglanz.jpg 2016w\" sizes=\"auto, (max-width: 474px) 100vw, 474px\" \/><\/a><\/p>\n<p>&nbsp;<\/p>\n<p>&nbsp;<\/p>","protected":false},"excerpt":{"rendered":"<p>&nbsp; &nbsp; &nbsp; &nbsp; &nbsp; &nbsp; &nbsp; &nbsp; \u00a0 &nbsp; &nbsp; &nbsp;<\/p>\n","protected":false},"author":1,"featured_media":0,"parent":2,"menu_order":0,"comment_status":"closed","ping_status":"closed","template":"page-templates\/full-width.php","meta":{"ngg_post_thumbnail":0,"footnotes":""},"class_list":["post-203","page","type-page","status-publish","hentry"],"_links":{"self":[{"href":"https:\/\/www.kramer-tischlerei.de\/index.php?rest_route=\/wp\/v2\/pages\/203","targetHints":{"allow":["GET"]}}],"collection":[{"href":"https:\/\/www.kramer-tischlerei.de\/index.php?rest_route=\/wp\/v2\/pages"}],"about":[{"href":"https:\/\/www.kramer-tischlerei.de\/index.php?rest_route=\/wp\/v2\/types\/page"}],"author":[{"embeddable":true,"href":"https:\/\/www.kramer-tischlerei.de\/index.php?rest_route=\/wp\/v2\/users\/1"}],"replies":[{"embeddable":true,"href":"https:\/\/www.kramer-tischlerei.de\/index.php?rest_route=%2Fwp%2Fv2%2Fcomments&post=203"}],"version-history":[{"count":17,"href":"https:\/\/www.kramer-tischlerei.de\/index.php?rest_route=\/wp\/v2\/pages\/203\/revisions"}],"predecessor-version":[{"id":998,"href":"https:\/\/www.kramer-tischlerei.de\/index.php?rest_route=\/wp\/v2\/pages\/203\/revisions\/998"}],"up":[{"embeddable":true,"href":"https:\/\/www.kramer-tischlerei.de\/index.php?rest_route=\/wp\/v2\/pages\/2"}],"wp:attachment":[{"href":"https:\/\/www.kramer-tischlerei.de\/index.php?rest_route=%2Fwp%2Fv2%2Fmedia&parent=203"}],"curies":[{"name":"wp","href":"https:\/\/api.w.org\/{rel}","templated":true}]}}